{"id":15540,"date":"2023-05-13T08:28:04","date_gmt":"2023-05-13T08:28:04","guid":{"rendered":"http:\/\/twoja-oczyszczalnia.pl\/?page_id=15540"},"modified":"2023-06-10T08:45:07","modified_gmt":"2023-06-10T08:45:07","slug":"oferta","status":"publish","type":"page","link":"http:\/\/twoja-oczyszczalnia.pl\/index.php\/oferta\/","title":{"rendered":"Oferta"},"content":{"rendered":"\t\t<div data-elementor-type=\"wp-page\" data-elementor-id=\"15540\" class=\"elementor elementor-15540\">\n\t\t\t\t\t\t\t\t\t<section class=\"elementor-section elementor-top-section elementor-element elementor-element-73f1f7ce elementor-section-boxed elementor-section-height-default elementor-section-height-default\" data-id=\"73f1f7ce\" data-element_type=\"section\">\n\t\t\t\t\t\t<div class=\"elementor-container elementor-column-gap-default\">\n\t\t\t\t\t<div class=\"elementor-column elementor-col-100 elementor-top-column elementor-element elementor-element-62e48da7\" data-id=\"62e48da7\" data-element_type=\"column\">\n\t\t\t<div class=\"elementor-widget-wrap elementor-element-populated\">\n\t\t\t\t\t\t\t\t<div class=\"elementor-element elementor-element-3c2438e3 elementor-widget elementor-widget-text-editor\" data-id=\"3c2438e3\" data-element_type=\"widget\" data-widget_type=\"text-editor.default\">\n\t\t\t\t<div class=\"elementor-widget-container\">\n\t\t\t<style>\/*! elementor - v3.12.1 - 02-04-2023 *\/\n.elementor-widget-text-editor.elementor-drop-cap-view-stacked .elementor-drop-cap{background-color:#69727d;color:#fff}.elementor-widget-text-editor.elementor-drop-cap-view-framed .elementor-drop-cap{color:#69727d;border:3px solid;background-color:transparent}.elementor-widget-text-editor:not(.elementor-drop-cap-view-default) .elementor-drop-cap{margin-top:8px}.elementor-widget-text-editor:not(.elementor-drop-cap-view-default) .elementor-drop-cap-letter{width:1em;height:1em}.elementor-widget-text-editor .elementor-drop-cap{float:left;text-align:center;line-height:1;font-size:50px}.elementor-widget-text-editor .elementor-drop-cap-letter{display:inline-block}<\/style>\t\t\t\t<!-- wp:paragraph -->\n<p>Witamy w zak\u0142adce &#8222;Oferta sprzeda\u017cy&#8221; na naszej stronie internetowej! Znajdziesz tutaj szeroki wyb\u00f3r produkt\u00f3w i rozwi\u0105za\u0144 zwi\u0105zanych z oczyszczalniami \u015bciek\u00f3w, ekologicznymi szambami oraz zbiornikami na wod\u0119 deszczow\u0105. Nasza oferta zosta\u0142a starannie opracowana, aby sprosta\u0107 oczekiwaniom najbardziej wymagaj\u0105cych klient\u00f3w.<\/p>\n<!-- \/wp:paragraph -->\n\n<!-- wp:paragraph -->\n<p>W naszej ofercie sprzeda\u017cy znajdziesz:<\/p>\n<!-- \/wp:paragraph -->\n\n<!-- wp:paragraph -->\n<p>\u2022 Oczyszczalnie biologiczne,<br>\u2022 Oczyszczalnie biologiczno-chemiczne,<br>\u2022 Oczyszczalnie ekologiczne (szamba ekologiczne),<br>\u2022 Zbiorniki bezodp\u0142ywowe (szamba),<br>\u2022 Zbiorniki na wod\u0119 deszczow\u0105,<br>\u2022 Przepompownie,<br>\u2022 Preparaty bakteryjne,<br>\u2022 Nadbudowy w\u0142az\u00f3w.<\/p>\n<!-- \/wp:paragraph -->\n\n<!-- wp:paragraph -->\n<p><br>Dbamy o jako\u015b\u0107 naszych produkt\u00f3w, oferuj\u0105c jedynie sprawdzone i trwa\u0142e rozwi\u0105zania, kt\u00f3re zapewni\u0105 Ci bezawaryjne dzia\u0142anie system\u00f3w przez wiele lat. Dzi\u0119ki wsp\u00f3\u0142pracy z najlepszymi producentami na rynku, jeste\u015bmy w stanie zaoferowa\u0107 konkurencyjne ceny oraz profesjonalne doradztwo techniczne.<br>Zapraszamy do zapoznania si\u0119 z nasz\u0105 ofert\u0105 sprzeda\u017cy, a w razie pyta\u0144 lub w\u0105tpliwo\u015bci, prosimy o kontakt z naszym zespo\u0142em. Ch\u0119tnie doradzimy i pomo\u017cemy dobra\u0107 odpowiednie rozwi\u0105zania, dostosowane do indywidualnych potrzeb i wymaga\u0144 ka\u017cdego klienta. Wszystkie nasze produkty oferujemy na terenie ca\u0142ego kraju.<\/p>\n<!-- \/wp:paragraph -->\t\t\t\t\t\t<\/div>\n\t\t\t\t<\/div>\n\t\t\t\t\t<\/div>\n\t\t<\/div>\n\t\t\t\t\t\t\t<\/div>\n\t\t<\/section>\n\t\t\t\t<section class=\"elementor-section elementor-top-section elementor-element elementor-element-d1909b0 elementor-section-boxed elementor-section-height-default elementor-section-height-default\" data-id=\"d1909b0\" data-element_type=\"section\">\n\t\t\t\t\t\t<div class=\"elementor-container elementor-column-gap-default\">\n\t\t\t\t\t<div class=\"elementor-column elementor-col-100 elementor-top-column elementor-element elementor-element-060b0aa\" data-id=\"060b0aa\" data-element_type=\"column\">\n\t\t\t<div class=\"elementor-widget-wrap elementor-element-populated\">\n\t\t\t\t\t\t\t\t<div class=\"elementor-section elementor-inner-section elementor-element elementor-element-433a2f6 elementor-section-full_width elementor-section-height-default elementor-section-height-default\" data-id=\"433a2f6\" data-element_type=\"section\">\n\t\t\t\t\t\t<div class=\"elementor-container elementor-column-gap-default\">\n\t\t\t\t\t<div class=\"elementor-column elementor-col-25 elementor-inner-column elementor-element elementor-element-b3443ea\" data-id=\"b3443ea\" data-element_type=\"column\">\n\t\t\t<div class=\"elementor-widget-wrap elementor-element-populated\">\n\t\t\t\t\t\t\t\t<div class=\"elementor-element elementor-element-5b57355 box-align-left elementor-cta--valign-top description-effects-yes elementor-position-below elementor-bg-transform elementor-bg-transform-zoom-in elementor-widget elementor-widget-kitchor-banner\" data-id=\"5b57355\" data-element_type=\"widget\" data-settings=\"{&quot;overlay_color_background&quot;:&quot;classic&quot;,&quot;overlay_color_hover_background&quot;:&quot;classic&quot;}\" data-widget_type=\"kitchor-banner.default\">\n\t\t\t\t<div class=\"elementor-widget-container\">\n\t\t\t        <a href=\"https:\/\/www.olx.pl\/oferty\/user\/1HyC8X\/\" class=\"elementor-cta--skin-cover elementor-cta elementor-kitchor-banner\">\n                    <div class=\"elementor-cta__bg-wrapper\">\n                <div class=\"elementor-cta__bg elementor-bg\" style=\"background-image: url(http:\/\/twoja-oczyszczalnia.pl\/wp-content\/uploads\/2023\/06\/IMG-20230603-WA0120.jpg);\"><\/div>\n                <div class=\"elementor-cta__bg-overlay\"><\/div>\n            <\/div>\n                <div class=\"elementor-cta__content\">\n        <div class=\"elementor-cta__content_inner\">\n                \n                <h3 class=\"elementor-cta__title elementor-cta__content-item elementor-content-item\">\n        Oczyszczalnie Ekologiczne (Szamba Ekologiczne)        <\/h3>\n    \n        \n                <\/div>\n        <\/div>\n        <\/a>\n        \t\t<\/div>\n\t\t\t\t<\/div>\n\t\t\t\t\t<\/div>\n\t\t<\/div>\n\t\t\t\t<div class=\"elementor-column elementor-col-25 elementor-inner-column elementor-element elementor-element-e7da681\" data-id=\"e7da681\" data-element_type=\"column\">\n\t\t\t<div class=\"elementor-widget-wrap elementor-element-populated\">\n\t\t\t\t\t\t\t\t<div class=\"elementor-element elementor-element-cda548e box-align-left elementor-cta--valign-top description-effects-yes elementor-position-below elementor-bg-transform elementor-bg-transform-zoom-in elementor-widget elementor-widget-kitchor-banner\" data-id=\"cda548e\" data-element_type=\"widget\" data-settings=\"{&quot;overlay_color_background&quot;:&quot;classic&quot;,&quot;overlay_color_hover_background&quot;:&quot;classic&quot;}\" data-widget_type=\"kitchor-banner.default\">\n\t\t\t\t<div class=\"elementor-widget-container\">\n\t\t\t        <a href=\"https:\/\/www.olx.pl\/oferty\/user\/1HyC8X\/\" class=\"elementor-cta--skin-cover elementor-cta elementor-kitchor-banner\">\n                    <div class=\"elementor-cta__bg-wrapper\">\n                <div class=\"elementor-cta__bg elementor-bg\" style=\"background-image: url(http:\/\/twoja-oczyszczalnia.pl\/wp-content\/uploads\/2023\/04\/336904937_174468418763664_1534942661836628756_n.jpg);\"><\/div>\n                <div class=\"elementor-cta__bg-overlay\"><\/div>\n            <\/div>\n                <div class=\"elementor-cta__content\">\n        <div class=\"elementor-cta__content_inner\">\n                \n                <h3 class=\"elementor-cta__title elementor-cta__content-item elementor-content-item\">\n        Oczyszczalnie biologiczne<br\/>i biologiczno-chemiczne,        <\/h3>\n    \n        \n                <\/div>\n        <\/div>\n        <\/a>\n        \t\t<\/div>\n\t\t\t\t<\/div>\n\t\t\t\t\t<\/div>\n\t\t<\/div>\n\t\t\t\t<div class=\"elementor-column elementor-col-25 elementor-inner-column elementor-element elementor-element-6892bc8\" data-id=\"6892bc8\" data-element_type=\"column\">\n\t\t\t<div class=\"elementor-widget-wrap elementor-element-populated\">\n\t\t\t\t\t\t\t\t<div class=\"elementor-element elementor-element-81d98a4 box-align-left elementor-cta--valign-top description-effects-yes elementor-position-below elementor-bg-transform elementor-bg-transform-zoom-in elementor-widget elementor-widget-kitchor-banner\" data-id=\"81d98a4\" data-element_type=\"widget\" data-settings=\"{&quot;overlay_color_background&quot;:&quot;classic&quot;,&quot;overlay_color_hover_background&quot;:&quot;classic&quot;}\" data-widget_type=\"kitchor-banner.default\">\n\t\t\t\t<div class=\"elementor-widget-container\">\n\t\t\t        <a href=\"https:\/\/www.olx.pl\/oferty\/user\/1HyC8X\/\" class=\"elementor-cta--skin-cover elementor-cta elementor-kitchor-banner\">\n                    <div class=\"elementor-cta__bg-wrapper\">\n                <div class=\"elementor-cta__bg elementor-bg\" style=\"background-image: url(http:\/\/twoja-oczyszczalnia.pl\/wp-content\/uploads\/2023\/06\/szambo.jpg);\"><\/div>\n                <div class=\"elementor-cta__bg-overlay\"><\/div>\n            <\/div>\n                <div class=\"elementor-cta__content\">\n        <div class=\"elementor-cta__content_inner\">\n                \n                <h3 class=\"elementor-cta__title elementor-cta__content-item elementor-content-item\">\n        Zbiorniki bezodp\u0142ywowe<br \/>(szamba)        <\/h3>\n    \n        \n                <\/div>\n        <\/div>\n        <\/a>\n        \t\t<\/div>\n\t\t\t\t<\/div>\n\t\t\t\t\t<\/div>\n\t\t<\/div>\n\t\t\t\t<div class=\"elementor-column elementor-col-25 elementor-inner-column elementor-element elementor-element-be9a04a\" data-id=\"be9a04a\" data-element_type=\"column\">\n\t\t\t<div class=\"elementor-widget-wrap elementor-element-populated\">\n\t\t\t\t\t\t\t\t<div class=\"elementor-element elementor-element-e744a1b box-align-left elementor-cta--valign-top description-effects-yes elementor-position-below elementor-bg-transform elementor-bg-transform-zoom-in elementor-widget elementor-widget-kitchor-banner\" data-id=\"e744a1b\" data-element_type=\"widget\" data-settings=\"{&quot;overlay_color_background&quot;:&quot;classic&quot;,&quot;overlay_color_hover_background&quot;:&quot;classic&quot;}\" data-widget_type=\"kitchor-banner.default\">\n\t\t\t\t<div class=\"elementor-widget-container\">\n\t\t\t        <a href=\"https:\/\/www.olx.pl\/oferty\/user\/1HyC8X\/\" class=\"elementor-cta--skin-cover elementor-cta elementor-kitchor-banner\">\n                    <div class=\"elementor-cta__bg-wrapper\">\n                <div class=\"elementor-cta__bg elementor-bg\" style=\"background-image: url(http:\/\/twoja-oczyszczalnia.pl\/wp-content\/uploads\/2023\/06\/zbiorniki_na_wode_deszczowa.jpg);\"><\/div>\n                <div class=\"elementor-cta__bg-overlay\"><\/div>\n            <\/div>\n                <div class=\"elementor-cta__content\">\n        <div class=\"elementor-cta__content_inner\">\n                \n                <h3 class=\"elementor-cta__title elementor-cta__content-item elementor-content-item\">\n        Zbiorniki na wod\u0119 deszczow\u0105        <\/h3>\n    \n        \n                <\/div>\n        <\/div>\n        <\/a>\n        \t\t<\/div>\n\t\t\t\t<\/div>\n\t\t\t\t\t<\/div>\n\t\t<\/div>\n\t\t\t\t\t\t\t<\/div>\n\t\t<\/div>\n\t\t\t\t\t<\/div>\n\t\t<\/div>\n\t\t\t\t\t\t\t<\/div>\n\t\t<\/section>\n\t\t\t\t<section class=\"elementor-section elementor-top-section elementor-element elementor-element-a903904 elementor-section-boxed elementor-section-height-default elementor-section-height-default\" data-id=\"a903904\" data-element_type=\"section\">\n\t\t\t\t\t\t<div class=\"elementor-container elementor-column-gap-default\">\n\t\t\t\t\t<div class=\"elementor-column elementor-col-100 elementor-top-column elementor-element elementor-element-bf550d2\" data-id=\"bf550d2\" data-element_type=\"column\">\n\t\t\t<div class=\"elementor-widget-wrap elementor-element-populated\">\n\t\t\t\t\t\t\t\t<div class=\"elementor-element elementor-element-9f3c0c2 elementor-widget elementor-widget-slider_revolution\" data-id=\"9f3c0c2\" data-element_type=\"widget\" data-widget_type=\"slider_revolution.default\">\n\t\t\t\t<div class=\"elementor-widget-container\">\n\t\t\t\r\n\t\t<div class=\"wp-block-themepunch-revslider\">\n\t\t\t<!-- START Slider 2 1 REVOLUTION SLIDER 6.6.12 --><p class=\"rs-p-wp-fix\"><\/p>\n\t\t\t<rs-module-wrap id=\"rev_slider_2_1_wrapper\" data-source=\"gallery\" style=\"visibility:hidden;background:transparent;padding:0;margin:0px auto;margin-top:0;margin-bottom:0;\">\n\t\t\t\t<rs-module id=\"rev_slider_2_1\" style=\"\" data-version=\"6.6.12\">\n\t\t\t\t\t<rs-slides style=\"overflow: hidden; position: absolute;\">\n\t\t\t\t\t\t<rs-slide style=\"position: absolute;\" data-key=\"rs-6\" data-title=\"Slide\" data-anim=\"adpr:false;e:slidingoverlay;ms:2000;\" data-in=\"o:1;y:100%;\" data-out=\"a:false;\">\n\t\t\t\t\t\t\t<img decoding=\"async\" src=\"\/\/twoja-oczyszczalnia.pl\/wp-content\/plugins\/revslider\/public\/assets\/assets\/dummy.png\" alt=\"\" title=\"dofinansowanie na oczyszczalnie \u015bciek\u00f3w\" width=\"1100\" height=\"734\" class=\"rev-slidebg tp-rs-img rs-lazyload\" data-lazyload=\"\/\/twoja-oczyszczalnia.pl\/wp-content\/uploads\/2023\/06\/dofinansowanie-na-oczyszczalnie-sciekow.jpg\" data-panzoom=\"d:10000;ss:100;se:110%;\" data-no-retina>\n<!--\t\t\t\t\t\t--><rs-zone id=\"rrzm_6\" class=\"rev_row_zone_middle\" style=\"z-index: 14;\"><!--\n\n\t\t\t\t\t\t\t\t--><rs-row\n\t\t\t\t\t\t\t\t\tid=\"slider-2-slide-6-layer-4\" \n\t\t\t\t\t\t\t\t\tclass=\"rs-noevents\"\n\t\t\t\t\t\t\t\t\tdata-type=\"row\"\n\t\t\t\t\t\t\t\t\tdata-xy=\"xo:50px;yo:50px;\"\n\t\t\t\t\t\t\t\t\tdata-rsp_bd=\"off\"\n\t\t\t\t\t\t\t\t\tdata-margin=\"t:60,60,60,120;r:30,30,30,15;b:0,0,30,90;l:30,30,30,15;\"\n\t\t\t\t\t\t\t\t\tdata-frame_0=\"o:1;\"\n\t\t\t\t\t\t\t\t\tdata-frame_1=\"sp:1100;\"\n\t\t\t\t\t\t\t\t\tdata-frame_999=\"o:1;st:w;sp:1200;sR:8700;sA:9000;\"\n\t\t\t\t\t\t\t\t\tstyle=\"z-index:1;\"\n\t\t\t\t\t\t\t\t><!--\n\t\t\t\t\t\t\t\t\t--><rs-column\n\t\t\t\t\t\t\t\t\t\tid=\"slider-2-slide-6-layer-6\" \n\t\t\t\t\t\t\t\t\t\tdata-type=\"column\"\n\t\t\t\t\t\t\t\t\t\tdata-xy=\"xo:50px;yo:50px;\"\n\t\t\t\t\t\t\t\t\t\tdata-text=\"a:center;\"\n\t\t\t\t\t\t\t\t\t\tdata-rsp_bd=\"off\"\n\t\t\t\t\t\t\t\t\t\tdata-column=\"w:100%;\"\n\t\t\t\t\t\t\t\t\t\tdata-frame_0=\"o:1;\"\n\t\t\t\t\t\t\t\t\t\tdata-frame_1=\"e:power4.inOut;sp:1200;\"\n\t\t\t\t\t\t\t\t\t\tdata-frame_999=\"y:-60px;o:1;e:power4.inOut;st:w;sp:1200;sR:8700;sA:9000;\"\n\t\t\t\t\t\t\t\t\t\tstyle=\"z-index:2;width:100%;\"\n\t\t\t\t\t\t\t\t\t><!--\n\t\t\t\t\t\t\t\t\t\t--><rs-layer\n\t\t\t\t\t\t\t\t\t\t\tid=\"slider-2-slide-6-layer-9\" \n\t\t\t\t\t\t\t\t\t\t\tdata-type=\"text\"\n\t\t\t\t\t\t\t\t\t\t\tdata-rsp_ch=\"on\"\n\t\t\t\t\t\t\t\t\t\t\tdata-xy=\"x:c;xo:-280px,-212px,-161px,-99px;y:m;\"\n\t\t\t\t\t\t\t\t\t\t\tdata-pos=\"r\"\n\t\t\t\t\t\t\t\t\t\t\tdata-text=\"w:normal;s:48,60,58,46;l:72,70,62,50;ls:-1px,-1px,-1px,0px;fw:700;a:center;\"\n\t\t\t\t\t\t\t\t\t\t\tdata-dim=\"w:1251px,634px,auto,auto;h:452px,auto,auto,auto;\"\n\t\t\t\t\t\t\t\t\t\t\tdata-basealign=\"slide\"\n\t\t\t\t\t\t\t\t\t\t\tdata-disp=\"inline-block\"\n\t\t\t\t\t\t\t\t\t\t\tdata-margin=\"b:0,15,0,0;\"\n\t\t\t\t\t\t\t\t\t\t\tdata-padding=\"b:20,15,15,15;\"\n\t\t\t\t\t\t\t\t\t\t\tdata-clip=\"u:true;\"\n\t\t\t\t\t\t\t\t\t\t\tdata-frame_0=\"y:100%;\"\n\t\t\t\t\t\t\t\t\t\t\tdata-frame_0_mask=\"u:t;\"\n\t\t\t\t\t\t\t\t\t\t\tdata-frame_1=\"sp:1500;\"\n\t\t\t\t\t\t\t\t\t\t\tdata-frame_1_mask=\"u:t;\"\n\t\t\t\t\t\t\t\t\t\t\tdata-frame_999=\"o:1;e:power4.inOut;st:w;sp:1000;sR:7800;\"\n\t\t\t\t\t\t\t\t\t\t\tdata-frame_999_mask=\"u:t;\"\n\t\t\t\t\t\t\t\t\t\t\tdata-frame_999_reverse=\"x:true;\"\n\t\t\t\t\t\t\t\t\t\t\tstyle=\"z-index:3;font-family:'Plus Jakarta Sans';display:inline-block;\"\n\t\t\t\t\t\t\t\t\t\t>Pomagamy w uzyskaniu dofinansowania dla oczyszczalni \u015bciek\u00f3w, oferuj\u0105c profesjonaln\u0105 pomoc w wype\u0142nianiu niezb\u0119dnych dokument\u00f3w i przeprowadzaniu ca\u0142ego procesu ubiegania si\u0119 o \u015brodki.<br \/>\n \n\t\t\t\t\t\t\t\t\t\t<\/rs-layer><!--\n\n\t\t\t\t\t\t\t\t\t\t--><rs-layer\n\t\t\t\t\t\t\t\t\t\t\tid=\"slider-2-slide-6-layer-2\" \n\t\t\t\t\t\t\t\t\t\t\tdata-type=\"shape\"\n\t\t\t\t\t\t\t\t\t\t\tdata-rsp_ch=\"on\"\n\t\t\t\t\t\t\t\t\t\t\tdata-xy=\"xo:50px,37px,28px,17px;yo:50px,37px,28px,17px;\"\n\t\t\t\t\t\t\t\t\t\t\tdata-pos=\"r\"\n\t\t\t\t\t\t\t\t\t\t\tdata-text=\"w:normal;s:20,15,11,6;c:both;l:0,18,13,8;\"\n\t\t\t\t\t\t\t\t\t\t\tdata-flcr=\"c:both;\"\n\t\t\t\t\t\t\t\t\t\t\tdata-dim=\"w:100%;h:1px;\"\n\t\t\t\t\t\t\t\t\t\t\tdata-frame_999=\"o:0;st:w;\"\n\t\t\t\t\t\t\t\t\t\t\tstyle=\"z-index:4;\"\n\t\t\t\t\t\t\t\t\t\t> \n\t\t\t\t\t\t\t\t\t\t<\/rs-layer><!--\n\n\t\t\t\t\t\t\t\t\t\t--><rs-layer\n\t\t\t\t\t\t\t\t\t\t\tid=\"slider-2-slide-6-layer-0\" \n\t\t\t\t\t\t\t\t\t\t\tdata-type=\"shape\"\n\t\t\t\t\t\t\t\t\t\t\tdata-rsp_ch=\"on\"\n\t\t\t\t\t\t\t\t\t\t\tdata-xy=\"xo:50px,37px,28px,17px;yo:213px,161px,122px,75px;\"\n\t\t\t\t\t\t\t\t\t\t\tdata-pos=\"r\"\n\t\t\t\t\t\t\t\t\t\t\tdata-text=\"w:normal;s:20,15,11,6;c:both;l:0,18,13,8;\"\n\t\t\t\t\t\t\t\t\t\t\tdata-flcr=\"c:both;\"\n\t\t\t\t\t\t\t\t\t\t\tdata-dim=\"w:100%;h:1px;\"\n\t\t\t\t\t\t\t\t\t\t\tdata-frame_999=\"o:0;st:w;\"\n\t\t\t\t\t\t\t\t\t\t\tstyle=\"z-index:6;\"\n\t\t\t\t\t\t\t\t\t\t> \n\t\t\t\t\t\t\t\t\t\t<\/rs-layer><!--\n\t\t\t\t\t\t\t\t\t--><\/rs-column><!--\n\t\t\t\t\t\t\t\t--><\/rs-row><!--\n\t\t\t\t\t\t\t--><\/rs-zone><!--\n\n\t\t\t\t\t\t\t--><rs-layer\n\t\t\t\t\t\t\t\tid=\"slider-2-slide-6-layer-1\" \n\t\t\t\t\t\t\t\tdata-type=\"shape\"\n\t\t\t\t\t\t\t\tdata-xy=\"x:c;\"\n\t\t\t\t\t\t\t\tdata-text=\"w:normal;\"\n\t\t\t\t\t\t\t\tdata-dim=\"w:100%;h:100%;\"\n\t\t\t\t\t\t\t\tdata-basealign=\"slide\"\n\t\t\t\t\t\t\t\tdata-rsp_o=\"off\"\n\t\t\t\t\t\t\t\tdata-rsp_bd=\"off\"\n\t\t\t\t\t\t\t\tdata-frame_999=\"o:0;st:w;\"\n\t\t\t\t\t\t\t\tstyle=\"z-index:12;background-color:rgba(0,0,0,0.65);\"\n\t\t\t\t\t\t\t> \n\t\t\t\t\t\t\t<\/rs-layer><!--\n-->\t\t\t\t\t\t<\/rs-slide>\n\t\t\t\t\t<\/rs-slides>\n\t\t\t\t\t<rs-static-layers><!--\n\t\t\t\t\t--><\/rs-static-layers>\n\t\t\t\t<\/rs-module>\n\t\t\t\t<script>\n\t\t\t\t\tsetREVStartSize({c: 'rev_slider_2_1',rl:[1240,1024,778,480],el:[595,850,700,650],gw:[1350,1024,778,480],gh:[595,490,400,350],type:'standard',justify:'',layout:'fullwidth',mh:\"0\"});if (window.RS_MODULES!==undefined && window.RS_MODULES.modules!==undefined && window.RS_MODULES.modules[\"revslider21\"]!==undefined) {window.RS_MODULES.modules[\"revslider21\"].once = false;window.revapi2 = undefined;if (window.RS_MODULES.checkMinimal!==undefined) window.RS_MODULES.checkMinimal()}\n\t\t\t\t<\/script>\n\t\t\t<\/rs-module-wrap>\n\t\t\t<!-- END REVOLUTION SLIDER -->\n<\/div>\r\n\r\n\t\t\t\t<\/div>\n\t\t\t\t<\/div>\n\t\t\t\t\t<\/div>\n\t\t<\/div>\n\t\t\t\t\t\t\t<\/div>\n\t\t<\/section>\n\t\t\t\t\t\t\t<\/div>\n\t\t","protected":false},"excerpt":{"rendered":"<p>Witamy w zak\u0142adce &#8222;Oferta sprzeda\u017cy&#8221; na naszej stronie internetowej! Znajdziesz tutaj szeroki wyb\u00f3r produkt\u00f3w i rozwi\u0105za\u0144 zwi\u0105zanych z oczyszczalniami \u015bciek\u00f3w, ekologicznymi szambami oraz zbiornikami na wod\u0119 deszczow\u0105. Nasza oferta zosta\u0142a starannie opracowana, aby sprosta\u0107 oczekiwaniom najbardziej wymagaj\u0105cych klient\u00f3w. W naszej ofercie sprzeda\u017cy znajdziesz: \u2022 Oczyszczalnie biologiczne,\u2022 Oczyszczalnie biologiczno-chemiczne,\u2022 Oczyszczalnie ekologiczne (szamba ekologiczne),\u2022 Zbiorniki bezodp\u0142ywowe (szamba),\u2022 [&hellip;]<\/p>\n","protected":false},"author":1,"featured_media":0,"parent":0,"menu_order":0,"comment_status":"closed","ping_status":"closed","template":"","meta":{"inline_featured_image":false},"_links":{"self":[{"href":"http:\/\/twoja-oczyszczalnia.pl\/index.php\/wp-json\/wp\/v2\/pages\/15540"}],"collection":[{"href":"http:\/\/twoja-oczyszczalnia.pl\/index.php\/wp-json\/wp\/v2\/pages"}],"about":[{"href":"http:\/\/twoja-oczyszczalnia.pl\/index.php\/wp-json\/wp\/v2\/types\/page"}],"author":[{"embeddable":true,"href":"http:\/\/twoja-oczyszczalnia.pl\/index.php\/wp-json\/wp\/v2\/users\/1"}],"replies":[{"embeddable":true,"href":"http:\/\/twoja-oczyszczalnia.pl\/index.php\/wp-json\/wp\/v2\/comments?post=15540"}],"version-history":[{"count":13,"href":"http:\/\/twoja-oczyszczalnia.pl\/index.php\/wp-json\/wp\/v2\/pages\/15540\/revisions"}],"predecessor-version":[{"id":15975,"href":"http:\/\/twoja-oczyszczalnia.pl\/index.php\/wp-json\/wp\/v2\/pages\/15540\/revisions\/15975"}],"wp:attachment":[{"href":"http:\/\/twoja-oczyszczalnia.pl\/index.php\/wp-json\/wp\/v2\/media?parent=15540"}],"curies":[{"name":"wp","href":"https:\/\/api.w.org\/{rel}","templated":true}]}}