{"id":15745,"date":"2023-06-02T19:47:22","date_gmt":"2023-06-02T19:47:22","guid":{"rendered":"http:\/\/twoja-oczyszczalnia.pl\/?page_id=15745"},"modified":"2023-06-03T18:00:48","modified_gmt":"2023-06-03T18:00:48","slug":"galeria","status":"publish","type":"page","link":"http:\/\/twoja-oczyszczalnia.pl\/index.php\/galeria\/","title":{"rendered":"Galeria"},"content":{"rendered":"\n<div class=\"wp-block-cover is-light has-medium-font-size\" style=\"min-height:457px\"><span aria-hidden=\"true\" class=\"wp-block-cover__background has-background-dim-30 has-background-dim\"><\/span><img decoding=\"async\" loading=\"lazy\" width=\"300\" height=\"225\" class=\"wp-block-cover__image-background wp-image-15768\" alt=\"\" src=\"http:\/\/twoja-oczyszczalnia.pl\/wp-content\/uploads\/2023\/06\/IMG-20230603-WA0125-300x225.jpg\" style=\"object-position:49% 53%\" data-object-fit=\"cover\" data-object-position=\"49% 53%\" srcset=\"http:\/\/twoja-oczyszczalnia.pl\/wp-content\/uploads\/2023\/06\/IMG-20230603-WA0125-300x225.jpg 300w, http:\/\/twoja-oczyszczalnia.pl\/wp-content\/uploads\/2023\/06\/IMG-20230603-WA0125-1024x768.jpg 1024w, http:\/\/twoja-oczyszczalnia.pl\/wp-content\/uploads\/2023\/06\/IMG-20230603-WA0125-768x576.jpg 768w, http:\/\/twoja-oczyszczalnia.pl\/wp-content\/uploads\/2023\/06\/IMG-20230603-WA0125-1536x1152.jpg 1536w, http:\/\/twoja-oczyszczalnia.pl\/wp-content\/uploads\/2023\/06\/IMG-20230603-WA0125-800x600.jpg 800w, http:\/\/twoja-oczyszczalnia.pl\/wp-content\/uploads\/2023\/06\/IMG-20230603-WA0125.jpg 2016w\" sizes=\"(max-width: 300px) 100vw, 300px\" \/><div class=\"wp-block-cover__inner-container\">\n<p><\/p>\n\n\n\n<p class=\"has-text-align-center has-large-font-size\"><a href=\"http:\/\/twoja-oczyszczalnia.pl\/index.php\/montaz-oczyszczalni-kolonia-kaszewice\/\" data-type=\"URL\" data-id=\"http:\/\/twoja-oczyszczalnia.pl\/index.php\/montaz-oczyszczalni-kolonia-kaszewice\/\"><mark style=\"background-color:rgba(0, 0, 0, 0)\" class=\"has-inline-color has-white-color\">Monta\u017c oczyszczalni Kolonia Kaszewice<\/mark><\/a><\/p>\n<\/div><\/div>\n\n\n\n<p><\/p>\n\n\n\n<div class=\"wp-block-cover is-light\" style=\"min-height:406px\"><span aria-hidden=\"true\" class=\"wp-block-cover__background has-background-dim\"><\/span><img decoding=\"async\" loading=\"lazy\" width=\"1024\" height=\"768\" class=\"wp-block-cover__image-background wp-image-15786\" alt=\"\" src=\"http:\/\/twoja-oczyszczalnia.pl\/wp-content\/uploads\/2023\/06\/IMG-20230603-WA0018-1024x768.jpg\" style=\"object-position:47% 70%\" data-object-fit=\"cover\" data-object-position=\"47% 70%\" srcset=\"http:\/\/twoja-oczyszczalnia.pl\/wp-content\/uploads\/2023\/06\/IMG-20230603-WA0018-1024x768.jpg 1024w, http:\/\/twoja-oczyszczalnia.pl\/wp-content\/uploads\/2023\/06\/IMG-20230603-WA0018-300x225.jpg 300w, http:\/\/twoja-oczyszczalnia.pl\/wp-content\/uploads\/2023\/06\/IMG-20230603-WA0018-768x576.jpg 768w, http:\/\/twoja-oczyszczalnia.pl\/wp-content\/uploads\/2023\/06\/IMG-20230603-WA0018-1536x1152.jpg 1536w, http:\/\/twoja-oczyszczalnia.pl\/wp-content\/uploads\/2023\/06\/IMG-20230603-WA0018-800x600.jpg 800w, http:\/\/twoja-oczyszczalnia.pl\/wp-content\/uploads\/2023\/06\/IMG-20230603-WA0018.jpg 2016w\" sizes=\"(max-width: 1024px) 100vw, 1024px\" \/><div class=\"wp-block-cover__inner-container\">\n<p class=\"has-text-align-center has-large-font-size\"><a href=\"http:\/\/twoja-oczyszczalnia.pl\/?page_id=15797\" data-type=\"URL\" data-id=\"http:\/\/twoja-oczyszczalnia.pl\/?page_id=15797\"><strong><mark style=\"background-color:rgba(0, 0, 0, 0)\" class=\"has-inline-color has-white-color\">Monta\u017c oczyszczalni \u0141\u0119kawa<\/mark><\/strong><\/a><\/p>\n<\/div><\/div>\n\n\n\n<p><\/p>\n\n\n\n<div class=\"wp-block-cover is-light\"><span aria-hidden=\"true\" class=\"wp-block-cover__background has-background-dim\"><\/span><img decoding=\"async\" loading=\"lazy\" width=\"768\" height=\"1024\" class=\"wp-block-cover__image-background wp-image-15820\" alt=\"\" src=\"http:\/\/twoja-oczyszczalnia.pl\/wp-content\/uploads\/2023\/06\/IMG-20230603-WA0096-1-768x1024.jpg\" data-object-fit=\"cover\" srcset=\"http:\/\/twoja-oczyszczalnia.pl\/wp-content\/uploads\/2023\/06\/IMG-20230603-WA0096-1-768x1024.jpg 768w, http:\/\/twoja-oczyszczalnia.pl\/wp-content\/uploads\/2023\/06\/IMG-20230603-WA0096-1-225x300.jpg 225w, http:\/\/twoja-oczyszczalnia.pl\/wp-content\/uploads\/2023\/06\/IMG-20230603-WA0096-1-1152x1536.jpg 1152w, http:\/\/twoja-oczyszczalnia.pl\/wp-content\/uploads\/2023\/06\/IMG-20230603-WA0096-1-800x1067.jpg 800w, http:\/\/twoja-oczyszczalnia.pl\/wp-content\/uploads\/2023\/06\/IMG-20230603-WA0096-1.jpg 1512w\" sizes=\"(max-width: 768px) 100vw, 768px\" \/><div class=\"wp-block-cover__inner-container\">\n<p class=\"has-text-align-center has-large-font-size\"><a href=\"http:\/\/twoja-oczyszczalnia.pl\/index.php\/montaz-oczyszczalni-lekinsko\/\" data-type=\"URL\" data-id=\"http:\/\/twoja-oczyszczalnia.pl\/index.php\/montaz-oczyszczalni-lekinsko\/\"><mark style=\"background-color:rgba(0, 0, 0, 0)\" class=\"has-inline-color has-white-color\">Monta\u017c oczyszczalni \u0141\u0119ki\u0144sko<\/mark><\/a><\/p>\n<\/div><\/div>\n\n\n\n<p><\/p>\n\n\n\n<div class=\"wp-block-cover\"><span aria-hidden=\"true\" class=\"wp-block-cover__background has-background-dim\"><\/span><img decoding=\"async\" loading=\"lazy\" width=\"1024\" height=\"768\" class=\"wp-block-cover__image-background wp-image-15827\" alt=\"\" src=\"http:\/\/twoja-oczyszczalnia.pl\/wp-content\/uploads\/2023\/06\/IMG-20230603-WA0062-1024x768.jpg\" data-object-fit=\"cover\" srcset=\"http:\/\/twoja-oczyszczalnia.pl\/wp-content\/uploads\/2023\/06\/IMG-20230603-WA0062-1024x768.jpg 1024w, http:\/\/twoja-oczyszczalnia.pl\/wp-content\/uploads\/2023\/06\/IMG-20230603-WA0062-300x225.jpg 300w, http:\/\/twoja-oczyszczalnia.pl\/wp-content\/uploads\/2023\/06\/IMG-20230603-WA0062-768x576.jpg 768w, http:\/\/twoja-oczyszczalnia.pl\/wp-content\/uploads\/2023\/06\/IMG-20230603-WA0062-1536x1152.jpg 1536w, http:\/\/twoja-oczyszczalnia.pl\/wp-content\/uploads\/2023\/06\/IMG-20230603-WA0062-800x600.jpg 800w, http:\/\/twoja-oczyszczalnia.pl\/wp-content\/uploads\/2023\/06\/IMG-20230603-WA0062.jpg 2048w\" sizes=\"(max-width: 1024px) 100vw, 1024px\" \/><div class=\"wp-block-cover__inner-container\">\n<p class=\"has-text-align-center has-large-font-size\"><a href=\"http:\/\/twoja-oczyszczalnia.pl\/index.php\/montaz-oczyszczalni-parzno\/\" data-type=\"URL\" data-id=\"http:\/\/twoja-oczyszczalnia.pl\/index.php\/montaz-oczyszczalni-parzno\/\"><mark style=\"background-color:rgba(0, 0, 0, 0)\" class=\"has-inline-color has-white-color\">Monta\u017c oczyszczalni Parzno<\/mark><\/a><\/p>\n<\/div><\/div>\n\n\n\n<p><\/p>\n\n\n\n<div class=\"wp-block-cover is-light\"><span aria-hidden=\"true\" class=\"wp-block-cover__background has-background-dim\"><\/span><img decoding=\"async\" loading=\"lazy\" width=\"1024\" height=\"768\" class=\"wp-block-cover__image-background wp-image-15859\" alt=\"\" src=\"http:\/\/twoja-oczyszczalnia.pl\/wp-content\/uploads\/2023\/06\/IMG-20230603-WA0072-1-1024x768.jpg\" data-object-fit=\"cover\" srcset=\"http:\/\/twoja-oczyszczalnia.pl\/wp-content\/uploads\/2023\/06\/IMG-20230603-WA0072-1-1024x768.jpg 1024w, http:\/\/twoja-oczyszczalnia.pl\/wp-content\/uploads\/2023\/06\/IMG-20230603-WA0072-1-300x225.jpg 300w, http:\/\/twoja-oczyszczalnia.pl\/wp-content\/uploads\/2023\/06\/IMG-20230603-WA0072-1-768x576.jpg 768w, http:\/\/twoja-oczyszczalnia.pl\/wp-content\/uploads\/2023\/06\/IMG-20230603-WA0072-1-1536x1152.jpg 1536w, http:\/\/twoja-oczyszczalnia.pl\/wp-content\/uploads\/2023\/06\/IMG-20230603-WA0072-1-800x600.jpg 800w, http:\/\/twoja-oczyszczalnia.pl\/wp-content\/uploads\/2023\/06\/IMG-20230603-WA0072-1.jpg 2048w\" sizes=\"(max-width: 1024px) 100vw, 1024px\" \/><div class=\"wp-block-cover__inner-container\">\n<p class=\"has-text-align-center has-large-font-size\"><a href=\"http:\/\/twoja-oczyszczalnia.pl\/index.php\/montaz-oczyszczalni-parzno-2\/\" data-type=\"URL\" data-id=\"http:\/\/twoja-oczyszczalnia.pl\/index.php\/montaz-oczyszczalni-parzno-2\/\"><mark style=\"background-color:rgba(0, 0, 0, 0)\" class=\"has-inline-color has-white-color\">Monta\u017c oczyszczalni Parzno 2<\/mark><\/a><\/p>\n<\/div><\/div>\n\n\n\n<p><\/p>\n\n\n\n<div class=\"wp-block-cover is-light\"><span aria-hidden=\"true\" class=\"wp-block-cover__background has-background-dim\"><\/span><img decoding=\"async\" loading=\"lazy\" width=\"1024\" height=\"768\" class=\"wp-block-cover__image-background wp-image-15873\" alt=\"\" src=\"http:\/\/twoja-oczyszczalnia.pl\/wp-content\/uploads\/2023\/06\/IMG-20230603-WA0053-1-1024x768.jpg\" data-object-fit=\"cover\" srcset=\"http:\/\/twoja-oczyszczalnia.pl\/wp-content\/uploads\/2023\/06\/IMG-20230603-WA0053-1-1024x768.jpg 1024w, http:\/\/twoja-oczyszczalnia.pl\/wp-content\/uploads\/2023\/06\/IMG-20230603-WA0053-1-300x225.jpg 300w, http:\/\/twoja-oczyszczalnia.pl\/wp-content\/uploads\/2023\/06\/IMG-20230603-WA0053-1-768x576.jpg 768w, http:\/\/twoja-oczyszczalnia.pl\/wp-content\/uploads\/2023\/06\/IMG-20230603-WA0053-1-1536x1152.jpg 1536w, http:\/\/twoja-oczyszczalnia.pl\/wp-content\/uploads\/2023\/06\/IMG-20230603-WA0053-1-800x600.jpg 800w, http:\/\/twoja-oczyszczalnia.pl\/wp-content\/uploads\/2023\/06\/IMG-20230603-WA0053-1.jpg 2016w\" sizes=\"(max-width: 1024px) 100vw, 1024px\" \/><div class=\"wp-block-cover__inner-container\">\n<p class=\"has-text-align-center has-large-font-size\"><a href=\"http:\/\/twoja-oczyszczalnia.pl\/index.php\/montaz-oczyszczalni-rozdzin\/\" data-type=\"URL\" data-id=\"http:\/\/twoja-oczyszczalnia.pl\/index.php\/montaz-oczyszczalni-rozdzin\/\"><mark style=\"background-color:rgba(0, 0, 0, 0)\" class=\"has-inline-color has-white-color\">Monta\u017c oczyszczalni Ro\u017adzin<\/mark><\/a><\/p>\n<\/div><\/div>\n\n\n\n<p><\/p>\n\n\n\n<div class=\"wp-block-cover is-light\"><span aria-hidden=\"true\" class=\"wp-block-cover__background has-background-dim\"><\/span><img decoding=\"async\" loading=\"lazy\" width=\"768\" height=\"1024\" class=\"wp-block-cover__image-background wp-image-15883\" alt=\"\" src=\"http:\/\/twoja-oczyszczalnia.pl\/wp-content\/uploads\/2023\/06\/IMG-20230603-WA0048-1-768x1024.jpg\" style=\"object-position:57% 66%\" data-object-fit=\"cover\" data-object-position=\"57% 66%\" srcset=\"http:\/\/twoja-oczyszczalnia.pl\/wp-content\/uploads\/2023\/06\/IMG-20230603-WA0048-1-768x1024.jpg 768w, http:\/\/twoja-oczyszczalnia.pl\/wp-content\/uploads\/2023\/06\/IMG-20230603-WA0048-1-225x300.jpg 225w, http:\/\/twoja-oczyszczalnia.pl\/wp-content\/uploads\/2023\/06\/IMG-20230603-WA0048-1-1152x1536.jpg 1152w, http:\/\/twoja-oczyszczalnia.pl\/wp-content\/uploads\/2023\/06\/IMG-20230603-WA0048-1-800x1067.jpg 800w, http:\/\/twoja-oczyszczalnia.pl\/wp-content\/uploads\/2023\/06\/IMG-20230603-WA0048-1.jpg 1536w\" sizes=\"(max-width: 768px) 100vw, 768px\" \/><div class=\"wp-block-cover__inner-container\">\n<p class=\"has-text-align-center has-large-font-size\"><a href=\"http:\/\/twoja-oczyszczalnia.pl\/index.php\/montaz-oczyszczalni-stoki\/\" data-type=\"URL\" data-id=\"http:\/\/twoja-oczyszczalnia.pl\/index.php\/montaz-oczyszczalni-stoki\/\"><mark style=\"background-color:rgba(0, 0, 0, 0)\" class=\"has-inline-color has-white-color\">Monta\u017c oczyszczalni Stoki<\/mark><\/a><\/p>\n<\/div><\/div>\n\n\n\n<p><\/p>\n\n\n\n<div class=\"wp-block-cover is-light\"><span aria-hidden=\"true\" class=\"wp-block-cover__background has-background-dim\"><\/span><img decoding=\"async\" loading=\"lazy\" width=\"768\" height=\"1024\" class=\"wp-block-cover__image-background wp-image-15897\" alt=\"\" src=\"http:\/\/twoja-oczyszczalnia.pl\/wp-content\/uploads\/2023\/06\/IMG-20230603-WA0016-768x1024.jpg\" data-object-fit=\"cover\" srcset=\"http:\/\/twoja-oczyszczalnia.pl\/wp-content\/uploads\/2023\/06\/IMG-20230603-WA0016-768x1024.jpg 768w, http:\/\/twoja-oczyszczalnia.pl\/wp-content\/uploads\/2023\/06\/IMG-20230603-WA0016-225x300.jpg 225w, http:\/\/twoja-oczyszczalnia.pl\/wp-content\/uploads\/2023\/06\/IMG-20230603-WA0016-1152x1536.jpg 1152w, http:\/\/twoja-oczyszczalnia.pl\/wp-content\/uploads\/2023\/06\/IMG-20230603-WA0016-800x1067.jpg 800w, http:\/\/twoja-oczyszczalnia.pl\/wp-content\/uploads\/2023\/06\/IMG-20230603-WA0016.jpg 1488w\" sizes=\"(max-width: 768px) 100vw, 768px\" \/><div class=\"wp-block-cover__inner-container\">\n<p class=\"has-text-align-center has-large-font-size\"><a href=\"http:\/\/twoja-oczyszczalnia.pl\/index.php\/montaz-oczyszczalni-zamoscie\/\" data-type=\"URL\" data-id=\"http:\/\/twoja-oczyszczalnia.pl\/index.php\/montaz-oczyszczalni-zamoscie\/\"><mark style=\"background-color:rgba(0, 0, 0, 0)\" class=\"has-inline-color has-white-color\">Monta\u017c oczyszczalni Zamo\u015bcie<\/mark><\/a><\/p>\n<\/div><\/div>\n\n\n\n<p><\/p>\n\n\n\n<div class=\"wp-block-cover\"><span aria-hidden=\"true\" class=\"wp-block-cover__background has-background-dim\"><\/span><img decoding=\"async\" loading=\"lazy\" width=\"768\" height=\"1024\" class=\"wp-block-cover__image-background wp-image-15904\" alt=\"\" src=\"http:\/\/twoja-oczyszczalnia.pl\/wp-content\/uploads\/2023\/06\/IMG-20230603-WA0024-768x1024.jpg\" data-object-fit=\"cover\" srcset=\"http:\/\/twoja-oczyszczalnia.pl\/wp-content\/uploads\/2023\/06\/IMG-20230603-WA0024-768x1024.jpg 768w, http:\/\/twoja-oczyszczalnia.pl\/wp-content\/uploads\/2023\/06\/IMG-20230603-WA0024-225x300.jpg 225w, http:\/\/twoja-oczyszczalnia.pl\/wp-content\/uploads\/2023\/06\/IMG-20230603-WA0024-1152x1536.jpg 1152w, http:\/\/twoja-oczyszczalnia.pl\/wp-content\/uploads\/2023\/06\/IMG-20230603-WA0024-800x1067.jpg 800w, http:\/\/twoja-oczyszczalnia.pl\/wp-content\/uploads\/2023\/06\/IMG-20230603-WA0024.jpg 1512w\" sizes=\"(max-width: 768px) 100vw, 768px\" \/><div class=\"wp-block-cover__inner-container\">\n<p class=\"has-text-align-center has-large-font-size\"><a href=\"http:\/\/twoja-oczyszczalnia.pl\/index.php\/wyciagniecie-szamba-i-zainstalowanie-oczyszczalni-ekologicznej-lekawa\/\" data-type=\"URL\" data-id=\"http:\/\/twoja-oczyszczalnia.pl\/index.php\/wyciagniecie-szamba-i-zainstalowanie-oczyszczalni-ekologicznej-lekawa\/\"><mark style=\"background-color:rgba(0, 0, 0, 0)\" class=\"has-inline-color has-white-color\">Wyci\u0105gni\u0119cie szamba i zainstalowanie oczyszczalni ekologicznej \u0141\u0119kawa<\/mark><\/a><\/p>\n<\/div><\/div>\n\n\n\n<p><\/p>\n\n\n\n<div class=\"wp-block-cover is-light\"><span aria-hidden=\"true\" class=\"wp-block-cover__background has-background-dim\"><\/span><img decoding=\"async\" loading=\"lazy\" width=\"1024\" height=\"768\" class=\"wp-block-cover__image-background wp-image-15919\" alt=\"\" src=\"http:\/\/twoja-oczyszczalnia.pl\/wp-content\/uploads\/2023\/06\/IMG-20230603-WA0039-1024x768.jpg\" data-object-fit=\"cover\" srcset=\"http:\/\/twoja-oczyszczalnia.pl\/wp-content\/uploads\/2023\/06\/IMG-20230603-WA0039-1024x768.jpg 1024w, http:\/\/twoja-oczyszczalnia.pl\/wp-content\/uploads\/2023\/06\/IMG-20230603-WA0039-300x225.jpg 300w, http:\/\/twoja-oczyszczalnia.pl\/wp-content\/uploads\/2023\/06\/IMG-20230603-WA0039-768x576.jpg 768w, http:\/\/twoja-oczyszczalnia.pl\/wp-content\/uploads\/2023\/06\/IMG-20230603-WA0039-1536x1152.jpg 1536w, http:\/\/twoja-oczyszczalnia.pl\/wp-content\/uploads\/2023\/06\/IMG-20230603-WA0039-800x600.jpg 800w, http:\/\/twoja-oczyszczalnia.pl\/wp-content\/uploads\/2023\/06\/IMG-20230603-WA0039.jpg 2016w\" sizes=\"(max-width: 1024px) 100vw, 1024px\" \/><div class=\"wp-block-cover__inner-container\">\n<p class=\"has-text-align-center has-large-font-size\"><a href=\"http:\/\/twoja-oczyszczalnia.pl\/index.php\/dostawa-oczyszczalni\/\" data-type=\"URL\" data-id=\"http:\/\/twoja-oczyszczalnia.pl\/index.php\/dostawa-oczyszczalni\/\"><mark style=\"background-color:rgba(0, 0, 0, 0)\" class=\"has-inline-color has-white-color\">Dostawa Oczyszczalni<\/mark><\/a><\/p>\n<\/div><\/div>\n","protected":false},"excerpt":{"rendered":"","protected":false},"author":1,"featured_media":0,"parent":0,"menu_order":0,"comment_status":"closed","ping_status":"closed","template":"","meta":{"inline_featured_image":false},"_links":{"self":[{"href":"http:\/\/twoja-oczyszczalnia.pl\/index.php\/wp-json\/wp\/v2\/pages\/15745"}],"collection":[{"href":"http:\/\/twoja-oczyszczalnia.pl\/index.php\/wp-json\/wp\/v2\/pages"}],"about":[{"href":"http:\/\/twoja-oczyszczalnia.pl\/index.php\/wp-json\/wp\/v2\/types\/page"}],"author":[{"embeddable":true,"href":"http:\/\/twoja-oczyszczalnia.pl\/index.php\/wp-json\/wp\/v2\/users\/1"}],"replies":[{"embeddable":true,"href":"http:\/\/twoja-oczyszczalnia.pl\/index.php\/wp-json\/wp\/v2\/comments?post=15745"}],"version-history":[{"count":21,"href":"http:\/\/twoja-oczyszczalnia.pl\/index.php\/wp-json\/wp\/v2\/pages\/15745\/revisions"}],"predecessor-version":[{"id":15922,"href":"http:\/\/twoja-oczyszczalnia.pl\/index.php\/wp-json\/wp\/v2\/pages\/15745\/revisions\/15922"}],"wp:attachment":[{"href":"http:\/\/twoja-oczyszczalnia.pl\/index.php\/wp-json\/wp\/v2\/media?parent=15745"}],"curies":[{"name":"wp","href":"https:\/\/api.w.org\/{rel}","templated":true}]}}