{"id":15797,"date":"2023-06-03T17:05:55","date_gmt":"2023-06-03T17:05:55","guid":{"rendered":"http:\/\/twoja-oczyszczalnia.pl\/?page_id=15797"},"modified":"2023-06-03T17:24:44","modified_gmt":"2023-06-03T17:24:44","slug":"montaz-oczyszczalni-lekawa","status":"publish","type":"page","link":"http:\/\/twoja-oczyszczalnia.pl\/index.php\/montaz-oczyszczalni-lekawa\/","title":{"rendered":"Monta\u017c oczyszczalni \u0141\u0119kawa"},"content":{"rendered":"\n<figure class=\"wp-block-gallery has-nested-images columns-default is-cropped wp-block-gallery-1 is-layout-flex\">\n<figure class=\"wp-block-image size-large\"><img decoding=\"async\" loading=\"lazy\" width=\"1024\" height=\"768\" data-id=\"15783\"  src=\"http:\/\/twoja-oczyszczalnia.pl\/wp-content\/uploads\/2023\/06\/IMG-20230603-WA0001-1024x768.jpg\" alt=\"\" class=\"wp-image-15783\" srcset=\"http:\/\/twoja-oczyszczalnia.pl\/wp-content\/uploads\/2023\/06\/IMG-20230603-WA0001-1024x768.jpg 1024w, http:\/\/twoja-oczyszczalnia.pl\/wp-content\/uploads\/2023\/06\/IMG-20230603-WA0001-300x225.jpg 300w, http:\/\/twoja-oczyszczalnia.pl\/wp-content\/uploads\/2023\/06\/IMG-20230603-WA0001-768x576.jpg 768w, http:\/\/twoja-oczyszczalnia.pl\/wp-content\/uploads\/2023\/06\/IMG-20230603-WA0001-1536x1152.jpg 1536w, http:\/\/twoja-oczyszczalnia.pl\/wp-content\/uploads\/2023\/06\/IMG-20230603-WA0001-800x600.jpg 800w, http:\/\/twoja-oczyszczalnia.pl\/wp-content\/uploads\/2023\/06\/IMG-20230603-WA0001.jpg 2016w\" sizes=\"(max-width: 1024px) 100vw, 1024px\" \/><\/figure>\n\n\n\n<figure class=\"wp-block-image size-large\"><img decoding=\"async\" loading=\"lazy\" width=\"1024\" height=\"768\" data-id=\"15789\"  src=\"http:\/\/twoja-oczyszczalnia.pl\/wp-content\/uploads\/2023\/06\/IMG-20230603-WA0021-1024x768.jpg\" alt=\"\" class=\"wp-image-15789\" srcset=\"http:\/\/twoja-oczyszczalnia.pl\/wp-content\/uploads\/2023\/06\/IMG-20230603-WA0021-1024x768.jpg 1024w, http:\/\/twoja-oczyszczalnia.pl\/wp-content\/uploads\/2023\/06\/IMG-20230603-WA0021-300x225.jpg 300w, http:\/\/twoja-oczyszczalnia.pl\/wp-content\/uploads\/2023\/06\/IMG-20230603-WA0021-768x576.jpg 768w, http:\/\/twoja-oczyszczalnia.pl\/wp-content\/uploads\/2023\/06\/IMG-20230603-WA0021-1536x1152.jpg 1536w, http:\/\/twoja-oczyszczalnia.pl\/wp-content\/uploads\/2023\/06\/IMG-20230603-WA0021-800x600.jpg 800w, http:\/\/twoja-oczyszczalnia.pl\/wp-content\/uploads\/2023\/06\/IMG-20230603-WA0021.jpg 2016w\" sizes=\"(max-width: 1024px) 100vw, 1024px\" \/><\/figure>\n\n\n\n<figure class=\"wp-block-image size-large\"><img decoding=\"async\" loading=\"lazy\" width=\"768\" height=\"1024\" data-id=\"15788\"  src=\"http:\/\/twoja-oczyszczalnia.pl\/wp-content\/uploads\/2023\/06\/IMG-20230603-WA0020-768x1024.jpg\" alt=\"\" class=\"wp-image-15788\" srcset=\"http:\/\/twoja-oczyszczalnia.pl\/wp-content\/uploads\/2023\/06\/IMG-20230603-WA0020-768x1024.jpg 768w, http:\/\/twoja-oczyszczalnia.pl\/wp-content\/uploads\/2023\/06\/IMG-20230603-WA0020-225x300.jpg 225w, http:\/\/twoja-oczyszczalnia.pl\/wp-content\/uploads\/2023\/06\/IMG-20230603-WA0020-1152x1536.jpg 1152w, http:\/\/twoja-oczyszczalnia.pl\/wp-content\/uploads\/2023\/06\/IMG-20230603-WA0020-800x1067.jpg 800w, http:\/\/twoja-oczyszczalnia.pl\/wp-content\/uploads\/2023\/06\/IMG-20230603-WA0020.jpg 1512w\" sizes=\"(max-width: 768px) 100vw, 768px\" \/><\/figure>\n\n\n\n<figure class=\"wp-block-image size-large\"><img decoding=\"async\" loading=\"lazy\" width=\"768\" height=\"1024\" data-id=\"15787\"  src=\"http:\/\/twoja-oczyszczalnia.pl\/wp-content\/uploads\/2023\/06\/IMG-20230603-WA0019-768x1024.jpg\" alt=\"\" class=\"wp-image-15787\" srcset=\"http:\/\/twoja-oczyszczalnia.pl\/wp-content\/uploads\/2023\/06\/IMG-20230603-WA0019-768x1024.jpg 768w, http:\/\/twoja-oczyszczalnia.pl\/wp-content\/uploads\/2023\/06\/IMG-20230603-WA0019-225x300.jpg 225w, http:\/\/twoja-oczyszczalnia.pl\/wp-content\/uploads\/2023\/06\/IMG-20230603-WA0019-1152x1536.jpg 1152w, http:\/\/twoja-oczyszczalnia.pl\/wp-content\/uploads\/2023\/06\/IMG-20230603-WA0019-800x1067.jpg 800w, http:\/\/twoja-oczyszczalnia.pl\/wp-content\/uploads\/2023\/06\/IMG-20230603-WA0019.jpg 1512w\" sizes=\"(max-width: 768px) 100vw, 768px\" \/><\/figure>\n\n\n\n<figure class=\"wp-block-image size-large\"><img decoding=\"async\" loading=\"lazy\" width=\"1024\" height=\"768\" data-id=\"15786\"  src=\"http:\/\/twoja-oczyszczalnia.pl\/wp-content\/uploads\/2023\/06\/IMG-20230603-WA0018-1024x768.jpg\" alt=\"\" class=\"wp-image-15786\" srcset=\"http:\/\/twoja-oczyszczalnia.pl\/wp-content\/uploads\/2023\/06\/IMG-20230603-WA0018-1024x768.jpg 1024w, http:\/\/twoja-oczyszczalnia.pl\/wp-content\/uploads\/2023\/06\/IMG-20230603-WA0018-300x225.jpg 300w, http:\/\/twoja-oczyszczalnia.pl\/wp-content\/uploads\/2023\/06\/IMG-20230603-WA0018-768x576.jpg 768w, http:\/\/twoja-oczyszczalnia.pl\/wp-content\/uploads\/2023\/06\/IMG-20230603-WA0018-1536x1152.jpg 1536w, http:\/\/twoja-oczyszczalnia.pl\/wp-content\/uploads\/2023\/06\/IMG-20230603-WA0018-800x600.jpg 800w, http:\/\/twoja-oczyszczalnia.pl\/wp-content\/uploads\/2023\/06\/IMG-20230603-WA0018.jpg 2016w\" sizes=\"(max-width: 1024px) 100vw, 1024px\" \/><\/figure>\n\n\n\n<figure class=\"wp-block-image size-large\"><img decoding=\"async\" loading=\"lazy\" width=\"768\" height=\"1024\" data-id=\"15785\"  src=\"http:\/\/twoja-oczyszczalnia.pl\/wp-content\/uploads\/2023\/06\/IMG-20230603-WA0017-768x1024.jpg\" alt=\"\" class=\"wp-image-15785\" srcset=\"http:\/\/twoja-oczyszczalnia.pl\/wp-content\/uploads\/2023\/06\/IMG-20230603-WA0017-768x1024.jpg 768w, http:\/\/twoja-oczyszczalnia.pl\/wp-content\/uploads\/2023\/06\/IMG-20230603-WA0017-225x300.jpg 225w, http:\/\/twoja-oczyszczalnia.pl\/wp-content\/uploads\/2023\/06\/IMG-20230603-WA0017-1152x1536.jpg 1152w, http:\/\/twoja-oczyszczalnia.pl\/wp-content\/uploads\/2023\/06\/IMG-20230603-WA0017-800x1067.jpg 800w, http:\/\/twoja-oczyszczalnia.pl\/wp-content\/uploads\/2023\/06\/IMG-20230603-WA0017.jpg 1512w\" sizes=\"(max-width: 768px) 100vw, 768px\" \/><\/figure>\n\n\n\n<figure class=\"wp-block-image size-large\"><img decoding=\"async\" loading=\"lazy\" width=\"768\" height=\"1024\" data-id=\"15784\"  src=\"http:\/\/twoja-oczyszczalnia.pl\/wp-content\/uploads\/2023\/06\/IMG-20230603-WA0015-768x1024.jpg\" alt=\"\" class=\"wp-image-15784\" srcset=\"http:\/\/twoja-oczyszczalnia.pl\/wp-content\/uploads\/2023\/06\/IMG-20230603-WA0015-768x1024.jpg 768w, http:\/\/twoja-oczyszczalnia.pl\/wp-content\/uploads\/2023\/06\/IMG-20230603-WA0015-225x300.jpg 225w, http:\/\/twoja-oczyszczalnia.pl\/wp-content\/uploads\/2023\/06\/IMG-20230603-WA0015-1152x1536.jpg 1152w, http:\/\/twoja-oczyszczalnia.pl\/wp-content\/uploads\/2023\/06\/IMG-20230603-WA0015-800x1067.jpg 800w, http:\/\/twoja-oczyszczalnia.pl\/wp-content\/uploads\/2023\/06\/IMG-20230603-WA0015.jpg 1512w\" sizes=\"(max-width: 768px) 100vw, 768px\" \/><\/figure>\n<\/figure>\n","protected":false},"excerpt":{"rendered":"","protected":false},"author":1,"featured_media":15783,"parent":0,"menu_order":0,"comment_status":"closed","ping_status":"closed","template":"","meta":{"inline_featured_image":false},"_links":{"self":[{"href":"http:\/\/twoja-oczyszczalnia.pl\/index.php\/wp-json\/wp\/v2\/pages\/15797"}],"collection":[{"href":"http:\/\/twoja-oczyszczalnia.pl\/index.php\/wp-json\/wp\/v2\/pages"}],"about":[{"href":"http:\/\/twoja-oczyszczalnia.pl\/index.php\/wp-json\/wp\/v2\/types\/page"}],"author":[{"embeddable":true,"href":"http:\/\/twoja-oczyszczalnia.pl\/index.php\/wp-json\/wp\/v2\/users\/1"}],"replies":[{"embeddable":true,"href":"http:\/\/twoja-oczyszczalnia.pl\/index.php\/wp-json\/wp\/v2\/comments?post=15797"}],"version-history":[{"count":1,"href":"http:\/\/twoja-oczyszczalnia.pl\/index.php\/wp-json\/wp\/v2\/pages\/15797\/revisions"}],"predecessor-version":[{"id":15798,"href":"http:\/\/twoja-oczyszczalnia.pl\/index.php\/wp-json\/wp\/v2\/pages\/15797\/revisions\/15798"}],"wp:featuredmedia":[{"embeddable":true,"href":"http:\/\/twoja-oczyszczalnia.pl\/index.php\/wp-json\/wp\/v2\/media\/15783"}],"wp:attachment":[{"href":"http:\/\/twoja-oczyszczalnia.pl\/index.php\/wp-json\/wp\/v2\/media?parent=15797"}],"curies":[{"name":"wp","href":"https:\/\/api.w.org\/{rel}","templated":true}]}}