{"id":15809,"date":"2023-06-03T17:27:35","date_gmt":"2023-06-03T17:27:35","guid":{"rendered":"http:\/\/twoja-oczyszczalnia.pl\/?page_id=15809"},"modified":"2023-06-03T17:29:01","modified_gmt":"2023-06-03T17:29:01","slug":"montaz-oczyszczalni-lekinsko","status":"publish","type":"page","link":"http:\/\/twoja-oczyszczalnia.pl\/index.php\/montaz-oczyszczalni-lekinsko\/","title":{"rendered":"Monta\u017c oczyszczalni \u0141\u0119ki\u0144sko"},"content":{"rendered":"\n<figure class=\"wp-block-gallery has-nested-images columns-default is-cropped wp-block-gallery-1 is-layout-flex\">\n<figure class=\"wp-block-image size-large\"><img decoding=\"async\" loading=\"lazy\" width=\"768\" height=\"1024\" data-id=\"15805\"  src=\"http:\/\/twoja-oczyszczalnia.pl\/wp-content\/uploads\/2023\/06\/IMG-20230603-WA0088-768x1024.jpg\" alt=\"\" class=\"wp-image-15805\" srcset=\"http:\/\/twoja-oczyszczalnia.pl\/wp-content\/uploads\/2023\/06\/IMG-20230603-WA0088-768x1024.jpg 768w, http:\/\/twoja-oczyszczalnia.pl\/wp-content\/uploads\/2023\/06\/IMG-20230603-WA0088-225x300.jpg 225w, http:\/\/twoja-oczyszczalnia.pl\/wp-content\/uploads\/2023\/06\/IMG-20230603-WA0088-1152x1536.jpg 1152w, http:\/\/twoja-oczyszczalnia.pl\/wp-content\/uploads\/2023\/06\/IMG-20230603-WA0088-800x1067.jpg 800w, http:\/\/twoja-oczyszczalnia.pl\/wp-content\/uploads\/2023\/06\/IMG-20230603-WA0088.jpg 1512w\" sizes=\"(max-width: 768px) 100vw, 768px\" \/><\/figure>\n\n\n\n<figure class=\"wp-block-image size-large\"><img decoding=\"async\" loading=\"lazy\" width=\"1024\" height=\"768\" data-id=\"15818\"  src=\"http:\/\/twoja-oczyszczalnia.pl\/wp-content\/uploads\/2023\/06\/IMG-20230603-WA0102-1024x768.jpg\" alt=\"\" class=\"wp-image-15818\" srcset=\"http:\/\/twoja-oczyszczalnia.pl\/wp-content\/uploads\/2023\/06\/IMG-20230603-WA0102-1024x768.jpg 1024w, http:\/\/twoja-oczyszczalnia.pl\/wp-content\/uploads\/2023\/06\/IMG-20230603-WA0102-300x225.jpg 300w, http:\/\/twoja-oczyszczalnia.pl\/wp-content\/uploads\/2023\/06\/IMG-20230603-WA0102-768x576.jpg 768w, http:\/\/twoja-oczyszczalnia.pl\/wp-content\/uploads\/2023\/06\/IMG-20230603-WA0102-1536x1152.jpg 1536w, http:\/\/twoja-oczyszczalnia.pl\/wp-content\/uploads\/2023\/06\/IMG-20230603-WA0102-800x600.jpg 800w, http:\/\/twoja-oczyszczalnia.pl\/wp-content\/uploads\/2023\/06\/IMG-20230603-WA0102.jpg 2016w\" sizes=\"(max-width: 1024px) 100vw, 1024px\" \/><\/figure>\n\n\n\n<figure class=\"wp-block-image size-large\"><img decoding=\"async\" loading=\"lazy\" width=\"768\" height=\"1024\" data-id=\"15817\"  src=\"http:\/\/twoja-oczyszczalnia.pl\/wp-content\/uploads\/2023\/06\/IMG-20230603-WA0101-768x1024.jpg\" alt=\"\" class=\"wp-image-15817\" srcset=\"http:\/\/twoja-oczyszczalnia.pl\/wp-content\/uploads\/2023\/06\/IMG-20230603-WA0101-768x1024.jpg 768w, http:\/\/twoja-oczyszczalnia.pl\/wp-content\/uploads\/2023\/06\/IMG-20230603-WA0101-225x300.jpg 225w, http:\/\/twoja-oczyszczalnia.pl\/wp-content\/uploads\/2023\/06\/IMG-20230603-WA0101-1152x1536.jpg 1152w, http:\/\/twoja-oczyszczalnia.pl\/wp-content\/uploads\/2023\/06\/IMG-20230603-WA0101-800x1067.jpg 800w, http:\/\/twoja-oczyszczalnia.pl\/wp-content\/uploads\/2023\/06\/IMG-20230603-WA0101.jpg 1512w\" sizes=\"(max-width: 768px) 100vw, 768px\" \/><\/figure>\n\n\n\n<figure class=\"wp-block-image size-large\"><img decoding=\"async\" loading=\"lazy\" width=\"768\" height=\"1024\" data-id=\"15816\"  src=\"http:\/\/twoja-oczyszczalnia.pl\/wp-content\/uploads\/2023\/06\/IMG-20230603-WA0100-768x1024.jpg\" alt=\"\" class=\"wp-image-15816\" srcset=\"http:\/\/twoja-oczyszczalnia.pl\/wp-content\/uploads\/2023\/06\/IMG-20230603-WA0100-768x1024.jpg 768w, http:\/\/twoja-oczyszczalnia.pl\/wp-content\/uploads\/2023\/06\/IMG-20230603-WA0100-225x300.jpg 225w, http:\/\/twoja-oczyszczalnia.pl\/wp-content\/uploads\/2023\/06\/IMG-20230603-WA0100-1152x1536.jpg 1152w, http:\/\/twoja-oczyszczalnia.pl\/wp-content\/uploads\/2023\/06\/IMG-20230603-WA0100-800x1067.jpg 800w, http:\/\/twoja-oczyszczalnia.pl\/wp-content\/uploads\/2023\/06\/IMG-20230603-WA0100.jpg 1512w\" sizes=\"(max-width: 768px) 100vw, 768px\" \/><\/figure>\n\n\n\n<figure class=\"wp-block-image size-large\"><img decoding=\"async\" loading=\"lazy\" width=\"768\" height=\"1024\" data-id=\"15815\"  src=\"http:\/\/twoja-oczyszczalnia.pl\/wp-content\/uploads\/2023\/06\/IMG-20230603-WA0099-768x1024.jpg\" alt=\"\" class=\"wp-image-15815\" srcset=\"http:\/\/twoja-oczyszczalnia.pl\/wp-content\/uploads\/2023\/06\/IMG-20230603-WA0099-768x1024.jpg 768w, http:\/\/twoja-oczyszczalnia.pl\/wp-content\/uploads\/2023\/06\/IMG-20230603-WA0099-225x300.jpg 225w, http:\/\/twoja-oczyszczalnia.pl\/wp-content\/uploads\/2023\/06\/IMG-20230603-WA0099-1152x1536.jpg 1152w, http:\/\/twoja-oczyszczalnia.pl\/wp-content\/uploads\/2023\/06\/IMG-20230603-WA0099-800x1067.jpg 800w, http:\/\/twoja-oczyszczalnia.pl\/wp-content\/uploads\/2023\/06\/IMG-20230603-WA0099.jpg 1512w\" sizes=\"(max-width: 768px) 100vw, 768px\" \/><\/figure>\n\n\n\n<figure class=\"wp-block-image size-large\"><img decoding=\"async\" loading=\"lazy\" width=\"768\" height=\"1024\" data-id=\"15814\"  src=\"http:\/\/twoja-oczyszczalnia.pl\/wp-content\/uploads\/2023\/06\/IMG-20230603-WA0098-768x1024.jpg\" alt=\"\" class=\"wp-image-15814\" srcset=\"http:\/\/twoja-oczyszczalnia.pl\/wp-content\/uploads\/2023\/06\/IMG-20230603-WA0098-768x1024.jpg 768w, http:\/\/twoja-oczyszczalnia.pl\/wp-content\/uploads\/2023\/06\/IMG-20230603-WA0098-225x300.jpg 225w, http:\/\/twoja-oczyszczalnia.pl\/wp-content\/uploads\/2023\/06\/IMG-20230603-WA0098-1152x1536.jpg 1152w, http:\/\/twoja-oczyszczalnia.pl\/wp-content\/uploads\/2023\/06\/IMG-20230603-WA0098-800x1067.jpg 800w, http:\/\/twoja-oczyszczalnia.pl\/wp-content\/uploads\/2023\/06\/IMG-20230603-WA0098.jpg 1512w\" sizes=\"(max-width: 768px) 100vw, 768px\" \/><\/figure>\n\n\n\n<figure class=\"wp-block-image size-large\"><img decoding=\"async\" loading=\"lazy\" width=\"768\" height=\"1024\" data-id=\"15813\"  src=\"http:\/\/twoja-oczyszczalnia.pl\/wp-content\/uploads\/2023\/06\/IMG-20230603-WA0097-768x1024.jpg\" alt=\"\" class=\"wp-image-15813\" srcset=\"http:\/\/twoja-oczyszczalnia.pl\/wp-content\/uploads\/2023\/06\/IMG-20230603-WA0097-768x1024.jpg 768w, http:\/\/twoja-oczyszczalnia.pl\/wp-content\/uploads\/2023\/06\/IMG-20230603-WA0097-225x300.jpg 225w, http:\/\/twoja-oczyszczalnia.pl\/wp-content\/uploads\/2023\/06\/IMG-20230603-WA0097-1152x1536.jpg 1152w, http:\/\/twoja-oczyszczalnia.pl\/wp-content\/uploads\/2023\/06\/IMG-20230603-WA0097-800x1067.jpg 800w, http:\/\/twoja-oczyszczalnia.pl\/wp-content\/uploads\/2023\/06\/IMG-20230603-WA0097.jpg 1512w\" sizes=\"(max-width: 768px) 100vw, 768px\" \/><\/figure>\n\n\n\n<figure class=\"wp-block-image size-large\"><img decoding=\"async\" loading=\"lazy\" width=\"768\" height=\"1024\" data-id=\"15812\"  src=\"http:\/\/twoja-oczyszczalnia.pl\/wp-content\/uploads\/2023\/06\/IMG-20230603-WA0096-768x1024.jpg\" alt=\"\" class=\"wp-image-15812\" srcset=\"http:\/\/twoja-oczyszczalnia.pl\/wp-content\/uploads\/2023\/06\/IMG-20230603-WA0096-768x1024.jpg 768w, http:\/\/twoja-oczyszczalnia.pl\/wp-content\/uploads\/2023\/06\/IMG-20230603-WA0096-225x300.jpg 225w, http:\/\/twoja-oczyszczalnia.pl\/wp-content\/uploads\/2023\/06\/IMG-20230603-WA0096-1152x1536.jpg 1152w, http:\/\/twoja-oczyszczalnia.pl\/wp-content\/uploads\/2023\/06\/IMG-20230603-WA0096-800x1067.jpg 800w, http:\/\/twoja-oczyszczalnia.pl\/wp-content\/uploads\/2023\/06\/IMG-20230603-WA0096.jpg 1512w\" sizes=\"(max-width: 768px) 100vw, 768px\" \/><\/figure>\n\n\n\n<figure class=\"wp-block-image size-large\"><img decoding=\"async\" loading=\"lazy\" width=\"768\" height=\"1024\" data-id=\"15811\"  src=\"http:\/\/twoja-oczyszczalnia.pl\/wp-content\/uploads\/2023\/06\/IMG-20230603-WA0094-768x1024.jpg\" alt=\"\" class=\"wp-image-15811\" srcset=\"http:\/\/twoja-oczyszczalnia.pl\/wp-content\/uploads\/2023\/06\/IMG-20230603-WA0094-768x1024.jpg 768w, http:\/\/twoja-oczyszczalnia.pl\/wp-content\/uploads\/2023\/06\/IMG-20230603-WA0094-225x300.jpg 225w, http:\/\/twoja-oczyszczalnia.pl\/wp-content\/uploads\/2023\/06\/IMG-20230603-WA0094-1152x1536.jpg 1152w, http:\/\/twoja-oczyszczalnia.pl\/wp-content\/uploads\/2023\/06\/IMG-20230603-WA0094-800x1067.jpg 800w, http:\/\/twoja-oczyszczalnia.pl\/wp-content\/uploads\/2023\/06\/IMG-20230603-WA0094.jpg 1512w\" sizes=\"(max-width: 768px) 100vw, 768px\" \/><\/figure>\n\n\n\n<figure class=\"wp-block-image size-large\"><img decoding=\"async\" loading=\"lazy\" width=\"768\" height=\"1024\" data-id=\"15810\"  src=\"http:\/\/twoja-oczyszczalnia.pl\/wp-content\/uploads\/2023\/06\/IMG-20230603-WA0093-768x1024.jpg\" alt=\"\" class=\"wp-image-15810\" srcset=\"http:\/\/twoja-oczyszczalnia.pl\/wp-content\/uploads\/2023\/06\/IMG-20230603-WA0093-768x1024.jpg 768w, http:\/\/twoja-oczyszczalnia.pl\/wp-content\/uploads\/2023\/06\/IMG-20230603-WA0093-225x300.jpg 225w, http:\/\/twoja-oczyszczalnia.pl\/wp-content\/uploads\/2023\/06\/IMG-20230603-WA0093-1152x1536.jpg 1152w, http:\/\/twoja-oczyszczalnia.pl\/wp-content\/uploads\/2023\/06\/IMG-20230603-WA0093-800x1067.jpg 800w, http:\/\/twoja-oczyszczalnia.pl\/wp-content\/uploads\/2023\/06\/IMG-20230603-WA0093.jpg 1512w\" sizes=\"(max-width: 768px) 100vw, 768px\" \/><\/figure>\n\n\n\n<figure class=\"wp-block-image size-large\"><img decoding=\"async\" loading=\"lazy\" width=\"768\" height=\"1024\" data-id=\"15808\"  src=\"http:\/\/twoja-oczyszczalnia.pl\/wp-content\/uploads\/2023\/06\/IMG-20230603-WA0092-768x1024.jpg\" alt=\"\" class=\"wp-image-15808\" srcset=\"http:\/\/twoja-oczyszczalnia.pl\/wp-content\/uploads\/2023\/06\/IMG-20230603-WA0092-768x1024.jpg 768w, http:\/\/twoja-oczyszczalnia.pl\/wp-content\/uploads\/2023\/06\/IMG-20230603-WA0092-225x300.jpg 225w, http:\/\/twoja-oczyszczalnia.pl\/wp-content\/uploads\/2023\/06\/IMG-20230603-WA0092-1152x1536.jpg 1152w, http:\/\/twoja-oczyszczalnia.pl\/wp-content\/uploads\/2023\/06\/IMG-20230603-WA0092-800x1067.jpg 800w, http:\/\/twoja-oczyszczalnia.pl\/wp-content\/uploads\/2023\/06\/IMG-20230603-WA0092.jpg 1512w\" sizes=\"(max-width: 768px) 100vw, 768px\" \/><\/figure>\n\n\n\n<figure class=\"wp-block-image size-large\"><img decoding=\"async\" loading=\"lazy\" width=\"1024\" height=\"768\" data-id=\"15807\"  src=\"http:\/\/twoja-oczyszczalnia.pl\/wp-content\/uploads\/2023\/06\/IMG-20230603-WA0091-1024x768.jpg\" alt=\"\" class=\"wp-image-15807\" srcset=\"http:\/\/twoja-oczyszczalnia.pl\/wp-content\/uploads\/2023\/06\/IMG-20230603-WA0091-1024x768.jpg 1024w, http:\/\/twoja-oczyszczalnia.pl\/wp-content\/uploads\/2023\/06\/IMG-20230603-WA0091-300x225.jpg 300w, http:\/\/twoja-oczyszczalnia.pl\/wp-content\/uploads\/2023\/06\/IMG-20230603-WA0091-768x576.jpg 768w, http:\/\/twoja-oczyszczalnia.pl\/wp-content\/uploads\/2023\/06\/IMG-20230603-WA0091-1536x1152.jpg 1536w, http:\/\/twoja-oczyszczalnia.pl\/wp-content\/uploads\/2023\/06\/IMG-20230603-WA0091-800x600.jpg 800w, http:\/\/twoja-oczyszczalnia.pl\/wp-content\/uploads\/2023\/06\/IMG-20230603-WA0091.jpg 2016w\" sizes=\"(max-width: 1024px) 100vw, 1024px\" \/><\/figure>\n\n\n\n<figure class=\"wp-block-image size-large\"><img decoding=\"async\" loading=\"lazy\" width=\"1024\" height=\"768\" data-id=\"15806\"  src=\"http:\/\/twoja-oczyszczalnia.pl\/wp-content\/uploads\/2023\/06\/IMG-20230603-WA0090-1024x768.jpg\" alt=\"\" class=\"wp-image-15806\" srcset=\"http:\/\/twoja-oczyszczalnia.pl\/wp-content\/uploads\/2023\/06\/IMG-20230603-WA0090-1024x768.jpg 1024w, http:\/\/twoja-oczyszczalnia.pl\/wp-content\/uploads\/2023\/06\/IMG-20230603-WA0090-300x225.jpg 300w, http:\/\/twoja-oczyszczalnia.pl\/wp-content\/uploads\/2023\/06\/IMG-20230603-WA0090-768x576.jpg 768w, http:\/\/twoja-oczyszczalnia.pl\/wp-content\/uploads\/2023\/06\/IMG-20230603-WA0090-1536x1152.jpg 1536w, http:\/\/twoja-oczyszczalnia.pl\/wp-content\/uploads\/2023\/06\/IMG-20230603-WA0090-800x600.jpg 800w, http:\/\/twoja-oczyszczalnia.pl\/wp-content\/uploads\/2023\/06\/IMG-20230603-WA0090.jpg 2016w\" sizes=\"(max-width: 1024px) 100vw, 1024px\" \/><\/figure>\n<\/figure>\n","protected":false},"excerpt":{"rendered":"","protected":false},"author":1,"featured_media":0,"parent":0,"menu_order":0,"comment_status":"closed","ping_status":"closed","template":"","meta":{"inline_featured_image":false},"_links":{"self":[{"href":"http:\/\/twoja-oczyszczalnia.pl\/index.php\/wp-json\/wp\/v2\/pages\/15809"}],"collection":[{"href":"http:\/\/twoja-oczyszczalnia.pl\/index.php\/wp-json\/wp\/v2\/pages"}],"about":[{"href":"http:\/\/twoja-oczyszczalnia.pl\/index.php\/wp-json\/wp\/v2\/types\/page"}],"author":[{"embeddable":true,"href":"http:\/\/twoja-oczyszczalnia.pl\/index.php\/wp-json\/wp\/v2\/users\/1"}],"replies":[{"embeddable":true,"href":"http:\/\/twoja-oczyszczalnia.pl\/index.php\/wp-json\/wp\/v2\/comments?post=15809"}],"version-history":[{"count":1,"href":"http:\/\/twoja-oczyszczalnia.pl\/index.php\/wp-json\/wp\/v2\/pages\/15809\/revisions"}],"predecessor-version":[{"id":15819,"href":"http:\/\/twoja-oczyszczalnia.pl\/index.php\/wp-json\/wp\/v2\/pages\/15809\/revisions\/15819"}],"wp:attachment":[{"href":"http:\/\/twoja-oczyszczalnia.pl\/index.php\/wp-json\/wp\/v2\/media?parent=15809"}],"curies":[{"name":"wp","href":"https:\/\/api.w.org\/{rel}","templated":true}]}}