{"id":15900,"date":"2023-06-03T17:53:18","date_gmt":"2023-06-03T17:53:18","guid":{"rendered":"http:\/\/twoja-oczyszczalnia.pl\/?page_id=15900"},"modified":"2023-06-03T17:54:37","modified_gmt":"2023-06-03T17:54:37","slug":"wyciagniecie-szamba-i-zainstalowanie-oczyszczalni-ekologicznej-lekawa","status":"publish","type":"page","link":"http:\/\/twoja-oczyszczalnia.pl\/index.php\/wyciagniecie-szamba-i-zainstalowanie-oczyszczalni-ekologicznej-lekawa\/","title":{"rendered":"Wyci\u0105gni\u0119cie szamba i zainstalowanie oczyszczalni ekologicznej \u0141\u0119kawa"},"content":{"rendered":"\n<figure class=\"wp-block-gallery has-nested-images columns-default is-cropped wp-block-gallery-1 is-layout-flex\">\n<figure class=\"wp-block-image size-large\"><img decoding=\"async\" loading=\"lazy\" width=\"768\" height=\"1024\" data-id=\"15905\"  src=\"http:\/\/twoja-oczyszczalnia.pl\/wp-content\/uploads\/2023\/06\/IMG-20230603-WA0023-768x1024.jpg\" alt=\"\" class=\"wp-image-15905\" srcset=\"http:\/\/twoja-oczyszczalnia.pl\/wp-content\/uploads\/2023\/06\/IMG-20230603-WA0023-768x1024.jpg 768w, http:\/\/twoja-oczyszczalnia.pl\/wp-content\/uploads\/2023\/06\/IMG-20230603-WA0023-225x300.jpg 225w, http:\/\/twoja-oczyszczalnia.pl\/wp-content\/uploads\/2023\/06\/IMG-20230603-WA0023-1152x1536.jpg 1152w, http:\/\/twoja-oczyszczalnia.pl\/wp-content\/uploads\/2023\/06\/IMG-20230603-WA0023-800x1067.jpg 800w, http:\/\/twoja-oczyszczalnia.pl\/wp-content\/uploads\/2023\/06\/IMG-20230603-WA0023.jpg 1512w\" sizes=\"(max-width: 768px) 100vw, 768px\" \/><\/figure>\n\n\n\n<figure class=\"wp-block-image size-large\"><img decoding=\"async\" loading=\"lazy\" width=\"768\" height=\"1024\" data-id=\"15904\"  src=\"http:\/\/twoja-oczyszczalnia.pl\/wp-content\/uploads\/2023\/06\/IMG-20230603-WA0024-768x1024.jpg\" alt=\"\" class=\"wp-image-15904\" srcset=\"http:\/\/twoja-oczyszczalnia.pl\/wp-content\/uploads\/2023\/06\/IMG-20230603-WA0024-768x1024.jpg 768w, http:\/\/twoja-oczyszczalnia.pl\/wp-content\/uploads\/2023\/06\/IMG-20230603-WA0024-225x300.jpg 225w, http:\/\/twoja-oczyszczalnia.pl\/wp-content\/uploads\/2023\/06\/IMG-20230603-WA0024-1152x1536.jpg 1152w, http:\/\/twoja-oczyszczalnia.pl\/wp-content\/uploads\/2023\/06\/IMG-20230603-WA0024-800x1067.jpg 800w, http:\/\/twoja-oczyszczalnia.pl\/wp-content\/uploads\/2023\/06\/IMG-20230603-WA0024.jpg 1512w\" sizes=\"(max-width: 768px) 100vw, 768px\" \/><\/figure>\n\n\n\n<figure class=\"wp-block-image size-large\"><img decoding=\"async\" loading=\"lazy\" width=\"1024\" height=\"768\" data-id=\"15906\"  src=\"http:\/\/twoja-oczyszczalnia.pl\/wp-content\/uploads\/2023\/06\/IMG-20230603-WA0025-1024x768.jpg\" alt=\"\" class=\"wp-image-15906\" srcset=\"http:\/\/twoja-oczyszczalnia.pl\/wp-content\/uploads\/2023\/06\/IMG-20230603-WA0025-1024x768.jpg 1024w, http:\/\/twoja-oczyszczalnia.pl\/wp-content\/uploads\/2023\/06\/IMG-20230603-WA0025-300x225.jpg 300w, http:\/\/twoja-oczyszczalnia.pl\/wp-content\/uploads\/2023\/06\/IMG-20230603-WA0025-768x576.jpg 768w, http:\/\/twoja-oczyszczalnia.pl\/wp-content\/uploads\/2023\/06\/IMG-20230603-WA0025-1536x1152.jpg 1536w, http:\/\/twoja-oczyszczalnia.pl\/wp-content\/uploads\/2023\/06\/IMG-20230603-WA0025-800x600.jpg 800w, http:\/\/twoja-oczyszczalnia.pl\/wp-content\/uploads\/2023\/06\/IMG-20230603-WA0025.jpg 2016w\" sizes=\"(max-width: 1024px) 100vw, 1024px\" \/><\/figure>\n\n\n\n<figure class=\"wp-block-image size-large\"><img decoding=\"async\" loading=\"lazy\" width=\"768\" height=\"1024\" data-id=\"15903\"  src=\"http:\/\/twoja-oczyszczalnia.pl\/wp-content\/uploads\/2023\/06\/IMG-20230603-WA0027-768x1024.jpg\" alt=\"\" class=\"wp-image-15903\" srcset=\"http:\/\/twoja-oczyszczalnia.pl\/wp-content\/uploads\/2023\/06\/IMG-20230603-WA0027-768x1024.jpg 768w, http:\/\/twoja-oczyszczalnia.pl\/wp-content\/uploads\/2023\/06\/IMG-20230603-WA0027-225x300.jpg 225w, http:\/\/twoja-oczyszczalnia.pl\/wp-content\/uploads\/2023\/06\/IMG-20230603-WA0027-1152x1536.jpg 1152w, http:\/\/twoja-oczyszczalnia.pl\/wp-content\/uploads\/2023\/06\/IMG-20230603-WA0027-800x1067.jpg 800w, http:\/\/twoja-oczyszczalnia.pl\/wp-content\/uploads\/2023\/06\/IMG-20230603-WA0027.jpg 1512w\" sizes=\"(max-width: 768px) 100vw, 768px\" \/><\/figure>\n\n\n\n<figure class=\"wp-block-image size-large\"><img decoding=\"async\" loading=\"lazy\" width=\"768\" height=\"1024\" data-id=\"15901\"  src=\"http:\/\/twoja-oczyszczalnia.pl\/wp-content\/uploads\/2023\/06\/IMG-20230603-WA0028-768x1024.jpg\" alt=\"\" class=\"wp-image-15901\" srcset=\"http:\/\/twoja-oczyszczalnia.pl\/wp-content\/uploads\/2023\/06\/IMG-20230603-WA0028-768x1024.jpg 768w, http:\/\/twoja-oczyszczalnia.pl\/wp-content\/uploads\/2023\/06\/IMG-20230603-WA0028-225x300.jpg 225w, http:\/\/twoja-oczyszczalnia.pl\/wp-content\/uploads\/2023\/06\/IMG-20230603-WA0028-1152x1536.jpg 1152w, http:\/\/twoja-oczyszczalnia.pl\/wp-content\/uploads\/2023\/06\/IMG-20230603-WA0028-800x1067.jpg 800w, http:\/\/twoja-oczyszczalnia.pl\/wp-content\/uploads\/2023\/06\/IMG-20230603-WA0028.jpg 1512w\" sizes=\"(max-width: 768px) 100vw, 768px\" \/><\/figure>\n\n\n\n<figure class=\"wp-block-image size-large\"><img decoding=\"async\" loading=\"lazy\" width=\"768\" height=\"1024\" data-id=\"15902\"  src=\"http:\/\/twoja-oczyszczalnia.pl\/wp-content\/uploads\/2023\/06\/IMG-20230603-WA0029-768x1024.jpg\" alt=\"\" class=\"wp-image-15902\" srcset=\"http:\/\/twoja-oczyszczalnia.pl\/wp-content\/uploads\/2023\/06\/IMG-20230603-WA0029-768x1024.jpg 768w, http:\/\/twoja-oczyszczalnia.pl\/wp-content\/uploads\/2023\/06\/IMG-20230603-WA0029-225x300.jpg 225w, http:\/\/twoja-oczyszczalnia.pl\/wp-content\/uploads\/2023\/06\/IMG-20230603-WA0029-1152x1536.jpg 1152w, http:\/\/twoja-oczyszczalnia.pl\/wp-content\/uploads\/2023\/06\/IMG-20230603-WA0029-800x1067.jpg 800w, http:\/\/twoja-oczyszczalnia.pl\/wp-content\/uploads\/2023\/06\/IMG-20230603-WA0029.jpg 1512w\" sizes=\"(max-width: 768px) 100vw, 768px\" \/><\/figure>\n\n\n\n<figure class=\"wp-block-image size-large\"><img decoding=\"async\" loading=\"lazy\" width=\"768\" height=\"1024\" data-id=\"15907\"  src=\"http:\/\/twoja-oczyszczalnia.pl\/wp-content\/uploads\/2023\/06\/IMG-20230603-WA0035-768x1024.jpg\" alt=\"\" class=\"wp-image-15907\" srcset=\"http:\/\/twoja-oczyszczalnia.pl\/wp-content\/uploads\/2023\/06\/IMG-20230603-WA0035-768x1024.jpg 768w, http:\/\/twoja-oczyszczalnia.pl\/wp-content\/uploads\/2023\/06\/IMG-20230603-WA0035-225x300.jpg 225w, http:\/\/twoja-oczyszczalnia.pl\/wp-content\/uploads\/2023\/06\/IMG-20230603-WA0035-1152x1536.jpg 1152w, http:\/\/twoja-oczyszczalnia.pl\/wp-content\/uploads\/2023\/06\/IMG-20230603-WA0035-800x1067.jpg 800w, http:\/\/twoja-oczyszczalnia.pl\/wp-content\/uploads\/2023\/06\/IMG-20230603-WA0035.jpg 1536w\" sizes=\"(max-width: 768px) 100vw, 768px\" \/><\/figure>\n\n\n\n<figure class=\"wp-block-image size-large\"><img decoding=\"async\" loading=\"lazy\" width=\"768\" height=\"1024\" data-id=\"15908\"  src=\"http:\/\/twoja-oczyszczalnia.pl\/wp-content\/uploads\/2023\/06\/IMG-20230603-WA0104-768x1024.jpg\" alt=\"\" class=\"wp-image-15908\" srcset=\"http:\/\/twoja-oczyszczalnia.pl\/wp-content\/uploads\/2023\/06\/IMG-20230603-WA0104-768x1024.jpg 768w, http:\/\/twoja-oczyszczalnia.pl\/wp-content\/uploads\/2023\/06\/IMG-20230603-WA0104-225x300.jpg 225w, http:\/\/twoja-oczyszczalnia.pl\/wp-content\/uploads\/2023\/06\/IMG-20230603-WA0104-1152x1536.jpg 1152w, http:\/\/twoja-oczyszczalnia.pl\/wp-content\/uploads\/2023\/06\/IMG-20230603-WA0104-800x1067.jpg 800w, http:\/\/twoja-oczyszczalnia.pl\/wp-content\/uploads\/2023\/06\/IMG-20230603-WA0104.jpg 1536w\" sizes=\"(max-width: 768px) 100vw, 768px\" \/><\/figure>\n\n\n\n<figure class=\"wp-block-image size-large\"><img decoding=\"async\" loading=\"lazy\" width=\"1024\" height=\"768\" data-id=\"15910\"  src=\"http:\/\/twoja-oczyszczalnia.pl\/wp-content\/uploads\/2023\/06\/IMG-20230603-WA0105-1024x768.jpg\" alt=\"\" class=\"wp-image-15910\" srcset=\"http:\/\/twoja-oczyszczalnia.pl\/wp-content\/uploads\/2023\/06\/IMG-20230603-WA0105-1024x768.jpg 1024w, http:\/\/twoja-oczyszczalnia.pl\/wp-content\/uploads\/2023\/06\/IMG-20230603-WA0105-300x225.jpg 300w, http:\/\/twoja-oczyszczalnia.pl\/wp-content\/uploads\/2023\/06\/IMG-20230603-WA0105-768x576.jpg 768w, http:\/\/twoja-oczyszczalnia.pl\/wp-content\/uploads\/2023\/06\/IMG-20230603-WA0105-1536x1152.jpg 1536w, http:\/\/twoja-oczyszczalnia.pl\/wp-content\/uploads\/2023\/06\/IMG-20230603-WA0105-800x600.jpg 800w, http:\/\/twoja-oczyszczalnia.pl\/wp-content\/uploads\/2023\/06\/IMG-20230603-WA0105.jpg 2048w\" sizes=\"(max-width: 1024px) 100vw, 1024px\" \/><\/figure>\n\n\n\n<figure class=\"wp-block-image size-large\"><img decoding=\"async\" loading=\"lazy\" width=\"1024\" height=\"768\" data-id=\"15909\"  src=\"http:\/\/twoja-oczyszczalnia.pl\/wp-content\/uploads\/2023\/06\/IMG-20230603-WA0106-1024x768.jpg\" alt=\"\" class=\"wp-image-15909\" srcset=\"http:\/\/twoja-oczyszczalnia.pl\/wp-content\/uploads\/2023\/06\/IMG-20230603-WA0106-1024x768.jpg 1024w, http:\/\/twoja-oczyszczalnia.pl\/wp-content\/uploads\/2023\/06\/IMG-20230603-WA0106-300x225.jpg 300w, http:\/\/twoja-oczyszczalnia.pl\/wp-content\/uploads\/2023\/06\/IMG-20230603-WA0106-768x576.jpg 768w, http:\/\/twoja-oczyszczalnia.pl\/wp-content\/uploads\/2023\/06\/IMG-20230603-WA0106-1536x1152.jpg 1536w, http:\/\/twoja-oczyszczalnia.pl\/wp-content\/uploads\/2023\/06\/IMG-20230603-WA0106-800x600.jpg 800w, http:\/\/twoja-oczyszczalnia.pl\/wp-content\/uploads\/2023\/06\/IMG-20230603-WA0106.jpg 2048w\" sizes=\"(max-width: 1024px) 100vw, 1024px\" \/><\/figure>\n<\/figure>\n","protected":false},"excerpt":{"rendered":"","protected":false},"author":1,"featured_media":0,"parent":0,"menu_order":0,"comment_status":"closed","ping_status":"closed","template":"","meta":{"inline_featured_image":false},"_links":{"self":[{"href":"http:\/\/twoja-oczyszczalnia.pl\/index.php\/wp-json\/wp\/v2\/pages\/15900"}],"collection":[{"href":"http:\/\/twoja-oczyszczalnia.pl\/index.php\/wp-json\/wp\/v2\/pages"}],"about":[{"href":"http:\/\/twoja-oczyszczalnia.pl\/index.php\/wp-json\/wp\/v2\/types\/page"}],"author":[{"embeddable":true,"href":"http:\/\/twoja-oczyszczalnia.pl\/index.php\/wp-json\/wp\/v2\/users\/1"}],"replies":[{"embeddable":true,"href":"http:\/\/twoja-oczyszczalnia.pl\/index.php\/wp-json\/wp\/v2\/comments?post=15900"}],"version-history":[{"count":1,"href":"http:\/\/twoja-oczyszczalnia.pl\/index.php\/wp-json\/wp\/v2\/pages\/15900\/revisions"}],"predecessor-version":[{"id":15911,"href":"http:\/\/twoja-oczyszczalnia.pl\/index.php\/wp-json\/wp\/v2\/pages\/15900\/revisions\/15911"}],"wp:attachment":[{"href":"http:\/\/twoja-oczyszczalnia.pl\/index.php\/wp-json\/wp\/v2\/media?parent=15900"}],"curies":[{"name":"wp","href":"https:\/\/api.w.org\/{rel}","templated":true}]}}