{"id":32,"date":"2022-06-04T03:28:14","date_gmt":"2022-06-04T03:28:14","guid":{"rendered":"http:\/\/source.wpopal.com\/kitchor\/?page_id=32"},"modified":"2023-05-31T07:20:55","modified_gmt":"2023-05-31T07:20:55","slug":"o-firmie","status":"publish","type":"page","link":"http:\/\/twoja-oczyszczalnia.pl\/index.php\/o-firmie\/","title":{"rendered":"O firmie"},"content":{"rendered":"\t\t<div data-elementor-type=\"wp-page\" data-elementor-id=\"32\" class=\"elementor elementor-32\">\n\t\t\t\t\t\t\t\t\t<div class=\"elementor-section elementor-top-section elementor-element elementor-element-03eb425 elementor-section-stretched elementor-section-boxed elementor-section-height-default elementor-section-height-default\" data-id=\"03eb425\" data-element_type=\"section\" data-settings=\"{&quot;stretch_section&quot;:&quot;section-stretched&quot;}\">\n\t\t\t\t\t\t<div class=\"elementor-container elementor-column-gap-no\">\n\t\t\t\t\t<div class=\"elementor-column elementor-col-50 elementor-top-column elementor-element elementor-element-ff79dc0\" data-id=\"ff79dc0\" data-element_type=\"column\">\n\t\t\t<div class=\"elementor-widget-wrap elementor-element-populated\">\n\t\t\t\t\t\t\t\t<div class=\"elementor-element elementor-element-faf3431 elementor-widget__width-auto elementor-absolute elementor-hidden-tablet_extra elementor-hidden-tablet elementor-hidden-mobile_extra elementor-hidden-mobile elementor-widget elementor-widget-image\" data-id=\"faf3431\" data-element_type=\"widget\" data-settings=\"{&quot;_position&quot;:&quot;absolute&quot;}\" data-widget_type=\"image.default\">\n\t\t\t\t<div class=\"elementor-widget-container\">\n\t\t\t<style>\/*! elementor - v3.12.1 - 02-04-2023 *\/\n.elementor-widget-image{text-align:center}.elementor-widget-image a{display:inline-block}.elementor-widget-image a img[src$=\".svg\"]{width:48px}.elementor-widget-image img{vertical-align:middle;display:inline-block}<\/style>\t\t\t\t\t\t\t\t\t\t\t\t<img decoding=\"async\" width=\"483\" height=\"516\" src=\"http:\/\/twoja-oczyszczalnia.pl\/wp-content\/uploads\/2022\/06\/About_01_imges.png\" class=\"attachment-full size-full wp-image-839\" alt=\"\" loading=\"lazy\" srcset=\"http:\/\/twoja-oczyszczalnia.pl\/wp-content\/uploads\/2022\/06\/About_01_imges.png 483w, http:\/\/twoja-oczyszczalnia.pl\/wp-content\/uploads\/2022\/06\/About_01_imges-281x300.png 281w\" sizes=\"(max-width: 483px) 100vw, 483px\" \/>\t\t\t\t\t\t\t\t\t\t\t\t\t\t\t<\/div>\n\t\t\t\t<\/div>\n\t\t\t\t<div class=\"elementor-element elementor-element-d2f63cb elementor-widget__width-auto elementor-absolute elementor-hidden-mobile elementor-widget elementor-widget-image\" data-id=\"d2f63cb\" data-element_type=\"widget\" data-settings=\"{&quot;_position&quot;:&quot;absolute&quot;}\" data-widget_type=\"image.default\">\n\t\t\t\t<div class=\"elementor-widget-container\">\n\t\t\t\t\t\t\t\t\t\t\t\t\t\t\t<img decoding=\"async\" width=\"2016\" height=\"1512\" src=\"http:\/\/twoja-oczyszczalnia.pl\/wp-content\/uploads\/2023\/04\/przydomowa1.jpg\" class=\"attachment-full size-full wp-image-15421\" alt=\"\" loading=\"lazy\" srcset=\"http:\/\/twoja-oczyszczalnia.pl\/wp-content\/uploads\/2023\/04\/przydomowa1.jpg 2016w, http:\/\/twoja-oczyszczalnia.pl\/wp-content\/uploads\/2023\/04\/przydomowa1-300x225.jpg 300w, http:\/\/twoja-oczyszczalnia.pl\/wp-content\/uploads\/2023\/04\/przydomowa1-1024x768.jpg 1024w, http:\/\/twoja-oczyszczalnia.pl\/wp-content\/uploads\/2023\/04\/przydomowa1-768x576.jpg 768w, http:\/\/twoja-oczyszczalnia.pl\/wp-content\/uploads\/2023\/04\/przydomowa1-1536x1152.jpg 1536w, http:\/\/twoja-oczyszczalnia.pl\/wp-content\/uploads\/2023\/04\/przydomowa1-800x600.jpg 800w\" sizes=\"(max-width: 2016px) 100vw, 2016px\" \/>\t\t\t\t\t\t\t\t\t\t\t\t\t\t\t<\/div>\n\t\t\t\t<\/div>\n\t\t\t\t\t<\/div>\n\t\t<\/div>\n\t\t\t\t<div class=\"elementor-column elementor-col-50 elementor-top-column elementor-element elementor-element-4a0dbd3\" data-id=\"4a0dbd3\" data-element_type=\"column\">\n\t\t\t<div class=\"elementor-widget-wrap elementor-element-populated\">\n\t\t\t\t\t\t\t\t<div class=\"elementor-element elementor-element-26806b5 elementor-widget elementor-widget-heading\" data-id=\"26806b5\" data-element_type=\"widget\" data-widget_type=\"heading.default\">\n\t\t\t\t<div class=\"elementor-widget-container\">\n\t\t\t<style>\/*! elementor - v3.12.1 - 02-04-2023 *\/\n.elementor-heading-title{padding:0;margin:0;line-height:1}.elementor-widget-heading .elementor-heading-title[class*=elementor-size-]>a{color:inherit;font-size:inherit;line-height:inherit}.elementor-widget-heading .elementor-heading-title.elementor-size-small{font-size:15px}.elementor-widget-heading .elementor-heading-title.elementor-size-medium{font-size:19px}.elementor-widget-heading .elementor-heading-title.elementor-size-large{font-size:29px}.elementor-widget-heading .elementor-heading-title.elementor-size-xl{font-size:39px}.elementor-widget-heading .elementor-heading-title.elementor-size-xxl{font-size:59px}<\/style><h2 class=\"elementor-heading-title elementor-size-default\">O nas<\/h2>\t\t<\/div>\n\t\t\t\t<\/div>\n\t\t\t\t<div class=\"elementor-element elementor-element-955f1d1 elementor-widget__width-initial elementor-widget elementor-widget-heading\" data-id=\"955f1d1\" data-element_type=\"widget\" data-widget_type=\"heading.default\">\n\t\t\t\t<div class=\"elementor-widget-container\">\n\t\t\t<h2 class=\"elementor-heading-title elementor-size-default\">O firmie<\/h2>\t\t<\/div>\n\t\t\t\t<\/div>\n\t\t\t\t<div class=\"elementor-element elementor-element-dd5302e elementor-widget__width-initial elementor-widget elementor-widget-text-editor\" data-id=\"dd5302e\" data-element_type=\"widget\" data-widget_type=\"text-editor.default\">\n\t\t\t\t<div class=\"elementor-widget-container\">\n\t\t\t<style>\/*! elementor - v3.12.1 - 02-04-2023 *\/\n.elementor-widget-text-editor.elementor-drop-cap-view-stacked .elementor-drop-cap{background-color:#69727d;color:#fff}.elementor-widget-text-editor.elementor-drop-cap-view-framed .elementor-drop-cap{color:#69727d;border:3px solid;background-color:transparent}.elementor-widget-text-editor:not(.elementor-drop-cap-view-default) .elementor-drop-cap{margin-top:8px}.elementor-widget-text-editor:not(.elementor-drop-cap-view-default) .elementor-drop-cap-letter{width:1em;height:1em}.elementor-widget-text-editor .elementor-drop-cap{float:left;text-align:center;line-height:1;font-size:50px}.elementor-widget-text-editor .elementor-drop-cap-letter{display:inline-block}<\/style>\t\t\t\t<p>Twoja-Oczyszczalnia.pl to dynamicznie rozwijaj\u0105ca si\u0119 firma, kt\u00f3ra od 2019 roku zajmuje si\u0119 sprzeda\u017c\u0105, monta\u017cem oraz serwisem oczyszczalni \u015bciek\u00f3w. W naszej ofercie znajdziesz najlepsze rozwi\u0105zania dost\u0119pne na rynku, kt\u00f3re zosta\u0142y starannie wybrane przez naszych specjalist\u00f3w.<\/p><p class=\"MsoNormal\">Nasza wykwalifikowana ekipa nieustannie podnosi swoje umiej\u0119tno\u015bci i \u015bledzi najnowsze trendy w bran\u017cy, aby zapewni\u0107 naszym klientom najwy\u017csz\u0105 jako\u015b\u0107 us\u0142ug. Dysponujemy nowoczesnym parkiem maszynowym, kt\u00f3ry pozwala nam na szybk\u0105 i wydajn\u0105 realizacj\u0119 projekt\u00f3w, nawet tych najbardziej wymagaj\u0105cych.<\/p>\t\t\t\t\t\t<\/div>\n\t\t\t\t<\/div>\n\t\t\t\t\t<\/div>\n\t\t<\/div>\n\t\t\t\t\t\t\t<\/div>\n\t\t<\/div>\n\t\t\t\t<section class=\"elementor-section elementor-top-section elementor-element elementor-element-2e3326c elementor-section-boxed elementor-section-height-default elementor-section-height-default\" data-id=\"2e3326c\" data-element_type=\"section\">\n\t\t\t\t\t\t<div class=\"elementor-container elementor-column-gap-default\">\n\t\t\t\t\t<div class=\"elementor-column elementor-col-100 elementor-top-column elementor-element elementor-element-63ea0dd\" data-id=\"63ea0dd\" data-element_type=\"column\">\n\t\t\t<div class=\"elementor-widget-wrap elementor-element-populated\">\n\t\t\t\t\t\t\t\t<div class=\"elementor-element elementor-element-0d8d6de elementor-widget elementor-widget-text-editor\" data-id=\"0d8d6de\" data-element_type=\"widget\" data-widget_type=\"text-editor.default\">\n\t\t\t\t<div class=\"elementor-widget-container\">\n\t\t\t\t\t\t\t<p class=\"MsoNormal\">Dla nas najwa\u017cniejsze jest zadowolenie klient\u00f3w, dlatego\nstawiamy na indywidualne podej\u015bcie, doradztwo oraz profesjonalizm na ka\u017cdym\netapie wsp\u00f3\u0142pracy. Wspieramy naszych klient\u00f3w od momentu wyboru odpowiedniej\noczyszczalni, poprzez jej monta\u017c, a\u017c po serwis i konserwacj\u0119.<o:p><\/o:p><\/p><p class=\"MsoNormal\"><o:p>&nbsp;<\/o:p><\/p><p>\n\n\n\n<\/p><p class=\"MsoNormal\">Wybieraj\u0105c Twoja-Oczyszczalnia.pl, stawiasz na ekologiczne i\ninnowacyjne rozwi\u0105zania w zakresie oczyszczania \u015bciek\u00f3w. Jeste\u015bmy przekonani,\n\u017ce dzi\u0119ki naszym us\u0142ugom Tw\u00f3j dom lub firma b\u0119d\u0105 korzysta\u0107 z najlepszych\ndost\u0119pnych technologii, a Ty zyskasz pewno\u015b\u0107 i spok\u00f3j ducha.<o:p><\/o:p><\/p>\t\t\t\t\t\t<\/div>\n\t\t\t\t<\/div>\n\t\t\t\t\t<\/div>\n\t\t<\/div>\n\t\t\t\t\t\t\t<\/div>\n\t\t<\/section>\n\t\t\t\t<div class=\"elementor-section elementor-top-section elementor-element elementor-element-0ed2f8d elementor-section-stretched elementor-section-boxed elementor-section-height-default elementor-section-height-default\" data-id=\"0ed2f8d\" data-element_type=\"section\" data-settings=\"{&quot;stretch_section&quot;:&quot;section-stretched&quot;,&quot;background_background&quot;:&quot;classic&quot;}\">\n\t\t\t\t\t\t<div class=\"elementor-container elementor-column-gap-no\">\n\t\t\t\t\t<div class=\"elementor-column elementor-col-50 elementor-top-column elementor-element elementor-element-af44e62\" data-id=\"af44e62\" data-element_type=\"column\">\n\t\t\t<div class=\"elementor-widget-wrap elementor-element-populated\">\n\t\t\t\t\t\t\t\t<div class=\"elementor-element elementor-element-f084faa elementor-widget elementor-widget-heading\" data-id=\"f084faa\" data-element_type=\"widget\" data-widget_type=\"heading.default\">\n\t\t\t\t<div class=\"elementor-widget-container\">\n\t\t\t<h2 class=\"elementor-heading-title elementor-size-default\">QUALITY OF WORK\n<\/h2>\t\t<\/div>\n\t\t\t\t<\/div>\n\t\t\t\t<div class=\"elementor-element elementor-element-742f205 elementor-widget__width-initial elementor-widget-mobile__width-inherit elementor-widget elementor-widget-heading\" data-id=\"742f205\" data-element_type=\"widget\" data-widget_type=\"heading.default\">\n\t\t\t\t<div class=\"elementor-widget-container\">\n\t\t\t<h2 class=\"elementor-heading-title elementor-size-default\">Jeste\u015bmy dumni, \u017ce mo\u017cemy si\u0119 pochwali\u0107 wieloma uko\u0144czonymi pracami<\/h2>\t\t<\/div>\n\t\t\t\t<\/div>\n\t\t\t\t\t<\/div>\n\t\t<\/div>\n\t\t\t\t<div class=\"elementor-column elementor-col-50 elementor-top-column elementor-element elementor-element-28d73a4\" data-id=\"28d73a4\" data-element_type=\"column\">\n\t\t\t<div class=\"elementor-widget-wrap elementor-element-populated\">\n\t\t\t\t\t\t\t\t<div class=\"elementor-section elementor-inner-section elementor-element elementor-element-505b997 elementor-section-full_width elementor-section-height-default elementor-section-height-default\" data-id=\"505b997\" data-element_type=\"section\">\n\t\t\t\t\t\t<div class=\"elementor-container elementor-column-gap-no\">\n\t\t\t\t\t<div class=\"elementor-column elementor-col-50 elementor-inner-column elementor-element elementor-element-3fa2528\" data-id=\"3fa2528\" data-element_type=\"column\">\n\t\t\t<div class=\"elementor-widget-wrap elementor-element-populated\">\n\t\t\t\t\t\t\t\t<div class=\"elementor-element elementor-element-425bae5 elementor-widget__width-auto elementor-alignment-left elementor-vertical-align-top elementor-widget elementor-widget-counter\" data-id=\"425bae5\" data-element_type=\"widget\" data-widget_type=\"counter.default\">\n\t\t\t\t<div class=\"elementor-widget-container\">\n\t\t\t<style>\/*! elementor - v3.12.1 - 02-04-2023 *\/\n.elementor-counter .elementor-counter-number-wrapper{display:flex;font-size:69px;font-weight:600;line-height:1}.elementor-counter .elementor-counter-number-prefix,.elementor-counter .elementor-counter-number-suffix{flex-grow:1;white-space:pre-wrap}.elementor-counter .elementor-counter-number-prefix{text-align:right}.elementor-counter .elementor-counter-number-suffix{text-align:left}.elementor-counter .elementor-counter-title{text-align:center;font-size:19px;font-weight:400;line-height:2.5}<\/style>        <div class=\"elementor-counter\">\n                        <div class=\"elementor-counter-wrapper\">\n                <div class=\"elementor-counter-number-wrapper\">\n                                        <span class=\"elementor-counter-number\" data-duration=\"2000\" data-to-value=\"39\" data-delimiter=\",\">1<\/span>\n                                            <span class=\"elementor-counter-number-suffix\">+<\/span>\n                                    <\/div>\n\n                                    <div class=\"elementor-counter-title-wrap\">\n                                                    <div class=\"elementor-counter-title\">Oczyszczalni biologicznych <\/div>\n                                                                                            <\/div>\n                            <\/div>\n        <\/div>\n        \t\t<\/div>\n\t\t\t\t<\/div>\n\t\t\t\t<div class=\"elementor-element elementor-element-7434e61 elementor-widget__width-auto elementor-widget-mobile__width-auto elementor-alignment-left elementor-vertical-align-top elementor-widget elementor-widget-counter\" data-id=\"7434e61\" data-element_type=\"widget\" data-widget_type=\"counter.default\">\n\t\t\t\t<div class=\"elementor-widget-container\">\n\t\t\t        <div class=\"elementor-counter\">\n                        <div class=\"elementor-counter-wrapper\">\n                <div class=\"elementor-counter-number-wrapper\">\n                                        <span class=\"elementor-counter-number\" data-duration=\"2000\" data-to-value=\"48\" data-delimiter=\",\">40<\/span>\n                                            <span class=\"elementor-counter-number-suffix\">+<\/span>\n                                    <\/div>\n\n                                    <div class=\"elementor-counter-title-wrap\">\n                                                    <div class=\"elementor-counter-title\">Zbiornik\u00f3w bezodp\u0142ywowych <\/div>\n                                                                                            <\/div>\n                            <\/div>\n        <\/div>\n        \t\t<\/div>\n\t\t\t\t<\/div>\n\t\t\t\t\t<\/div>\n\t\t<\/div>\n\t\t\t\t<div class=\"elementor-column elementor-col-50 elementor-inner-column elementor-element elementor-element-9772a14\" data-id=\"9772a14\" data-element_type=\"column\">\n\t\t\t<div class=\"elementor-widget-wrap elementor-element-populated\">\n\t\t\t\t\t\t\t\t<div class=\"elementor-element elementor-element-7541c12 elementor-widget__width-auto elementor-widget-mobile__width-auto elementor-alignment-left elementor-vertical-align-top elementor-widget elementor-widget-counter\" data-id=\"7541c12\" data-element_type=\"widget\" data-widget_type=\"counter.default\">\n\t\t\t\t<div class=\"elementor-widget-container\">\n\t\t\t        <div class=\"elementor-counter\">\n                        <div class=\"elementor-counter-wrapper\">\n                <div class=\"elementor-counter-number-wrapper\">\n                                        <span class=\"elementor-counter-number\" data-duration=\"2000\" data-to-value=\"93\" data-delimiter=\",\">80<\/span>\n                                            <span class=\"elementor-counter-number-suffix\">+<\/span>\n                                    <\/div>\n\n                                    <div class=\"elementor-counter-title-wrap\">\n                                                    <div class=\"elementor-counter-title\">Oczyszczalni ekologicznych <\/div>\n                                                                                            <\/div>\n                            <\/div>\n        <\/div>\n        \t\t<\/div>\n\t\t\t\t<\/div>\n\t\t\t\t<div class=\"elementor-element elementor-element-f588762 elementor-widget__width-auto elementor-widget-mobile__width-auto elementor-alignment-left elementor-vertical-align-top elementor-widget elementor-widget-counter\" data-id=\"f588762\" data-element_type=\"widget\" data-widget_type=\"counter.default\">\n\t\t\t\t<div class=\"elementor-widget-container\">\n\t\t\t        <div class=\"elementor-counter\">\n                        <div class=\"elementor-counter-wrapper\">\n                <div class=\"elementor-counter-number-wrapper\">\n                                        <span class=\"elementor-counter-number\" data-duration=\"2000\" data-to-value=\"68\" data-delimiter=\",\">60<\/span>\n                                            <span class=\"elementor-counter-number-suffix\">+<\/span>\n                                    <\/div>\n\n                                    <div class=\"elementor-counter-title-wrap\">\n                                                    <div class=\"elementor-counter-title\">Zbiornik\u00f3w na wod\u0119 deszczow\u0105 <\/div>\n                                                                                            <\/div>\n                            <\/div>\n        <\/div>\n        \t\t<\/div>\n\t\t\t\t<\/div>\n\t\t\t\t\t<\/div>\n\t\t<\/div>\n\t\t\t\t\t\t\t<\/div>\n\t\t<\/div>\n\t\t\t\t\t<\/div>\n\t\t<\/div>\n\t\t\t\t\t\t\t<\/div>\n\t\t<\/div>\n\t\t\t\t<div class=\"elementor-section elementor-top-section elementor-element elementor-element-7248708 elementor-section-stretched elementor-section-boxed elementor-section-height-default elementor-section-height-default\" data-id=\"7248708\" data-element_type=\"section\" data-settings=\"{&quot;stretch_section&quot;:&quot;section-stretched&quot;}\">\n\t\t\t\t\t\t<div class=\"elementor-container elementor-column-gap-no\">\n\t\t\t\t\t<div class=\"elementor-column elementor-col-50 elementor-top-column elementor-element elementor-element-60ed737\" data-id=\"60ed737\" data-element_type=\"column\">\n\t\t\t<div class=\"elementor-widget-wrap elementor-element-populated\">\n\t\t\t\t\t\t\t\t<div class=\"elementor-element elementor-element-238597a elementor-widget elementor-widget-image\" data-id=\"238597a\" data-element_type=\"widget\" data-widget_type=\"image.default\">\n\t\t\t\t<div class=\"elementor-widget-container\">\n\t\t\t\t\t\t\t\t\t\t\t\t\t\t\t<img decoding=\"async\" width=\"980\" height=\"735\" src=\"http:\/\/twoja-oczyszczalnia.pl\/wp-content\/uploads\/2023\/04\/przydomowa1-1024x768.jpg\" class=\"attachment-large size-large wp-image-15421\" alt=\"\" loading=\"lazy\" srcset=\"http:\/\/twoja-oczyszczalnia.pl\/wp-content\/uploads\/2023\/04\/przydomowa1-1024x768.jpg 1024w, http:\/\/twoja-oczyszczalnia.pl\/wp-content\/uploads\/2023\/04\/przydomowa1-300x225.jpg 300w, http:\/\/twoja-oczyszczalnia.pl\/wp-content\/uploads\/2023\/04\/przydomowa1-768x576.jpg 768w, http:\/\/twoja-oczyszczalnia.pl\/wp-content\/uploads\/2023\/04\/przydomowa1-1536x1152.jpg 1536w, http:\/\/twoja-oczyszczalnia.pl\/wp-content\/uploads\/2023\/04\/przydomowa1-800x600.jpg 800w, http:\/\/twoja-oczyszczalnia.pl\/wp-content\/uploads\/2023\/04\/przydomowa1.jpg 2016w\" sizes=\"(max-width: 980px) 100vw, 980px\" \/>\t\t\t\t\t\t\t\t\t\t\t\t\t\t\t<\/div>\n\t\t\t\t<\/div>\n\t\t\t\t\t<\/div>\n\t\t<\/div>\n\t\t\t\t<div class=\"elementor-column elementor-col-50 elementor-top-column elementor-element elementor-element-a6f4aa8\" data-id=\"a6f4aa8\" data-element_type=\"column\">\n\t\t\t<div class=\"elementor-widget-wrap elementor-element-populated\">\n\t\t\t\t\t\t\t\t<div class=\"elementor-element elementor-element-9e4b8d5 elementor-widget elementor-widget-image\" data-id=\"9e4b8d5\" data-element_type=\"widget\" data-widget_type=\"image.default\">\n\t\t\t\t<div class=\"elementor-widget-container\">\n\t\t\t\t\t\t\t\t\t\t\t\t\t\t\t<img decoding=\"async\" width=\"630\" height=\"450\" src=\"http:\/\/twoja-oczyszczalnia.pl\/wp-content\/uploads\/2023\/04\/336935591_791275119064083_2092189054687795561_n-630x450.jpg\" class=\"attachment-kitchor-project-grid-2 size-kitchor-project-grid-2 wp-image-15432\" alt=\"\" loading=\"lazy\" \/>\t\t\t\t\t\t\t\t\t\t\t\t\t\t\t<\/div>\n\t\t\t\t<\/div>\n\t\t\t\t<div class=\"elementor-element elementor-element-5e8e3c2 elementor-widget-divider--view-line elementor-widget elementor-widget-divider\" data-id=\"5e8e3c2\" data-element_type=\"widget\" data-widget_type=\"divider.default\">\n\t\t\t\t<div class=\"elementor-widget-container\">\n\t\t\t<style>\/*! elementor - v3.12.1 - 02-04-2023 *\/\n.elementor-widget-divider{--divider-border-style:none;--divider-border-width:1px;--divider-color:#0c0d0e;--divider-icon-size:20px;--divider-element-spacing:10px;--divider-pattern-height:24px;--divider-pattern-size:20px;--divider-pattern-url:none;--divider-pattern-repeat:repeat-x}.elementor-widget-divider .elementor-divider{display:flex}.elementor-widget-divider .elementor-divider__text{font-size:15px;line-height:1;max-width:95%}.elementor-widget-divider .elementor-divider__element{margin:0 var(--divider-element-spacing);flex-shrink:0}.elementor-widget-divider .elementor-icon{font-size:var(--divider-icon-size)}.elementor-widget-divider .elementor-divider-separator{display:flex;margin:0;direction:ltr}.elementor-widget-divider--view-line_icon .elementor-divider-separator,.elementor-widget-divider--view-line_text .elementor-divider-separator{align-items:center}.elementor-widget-divider--view-line_icon .elementor-divider-separator:after,.elementor-widget-divider--view-line_icon .elementor-divider-separator:before,.elementor-widget-divider--view-line_text .elementor-divider-separator:after,.elementor-widget-divider--view-line_text .elementor-divider-separator:before{display:block;content:\"\";border-bottom:0;flex-grow:1;border-top:var(--divider-border-width) var(--divider-border-style) var(--divider-color)}.elementor-widget-divider--element-align-left .elementor-divider .elementor-divider-separator>.elementor-divider__svg:first-of-type{flex-grow:0;flex-shrink:100}.elementor-widget-divider--element-align-left .elementor-divider-separator:before{content:none}.elementor-widget-divider--element-align-left .elementor-divider__element{margin-left:0}.elementor-widget-divider--element-align-right .elementor-divider .elementor-divider-separator>.elementor-divider__svg:last-of-type{flex-grow:0;flex-shrink:100}.elementor-widget-divider--element-align-right .elementor-divider-separator:after{content:none}.elementor-widget-divider--element-align-right .elementor-divider__element{margin-right:0}.elementor-widget-divider:not(.elementor-widget-divider--view-line_text):not(.elementor-widget-divider--view-line_icon) .elementor-divider-separator{border-top:var(--divider-border-width) var(--divider-border-style) var(--divider-color)}.elementor-widget-divider--separator-type-pattern{--divider-border-style:none}.elementor-widget-divider--separator-type-pattern.elementor-widget-divider--view-line .elementor-divider-separator,.elementor-widget-divider--separator-type-pattern:not(.elementor-widget-divider--view-line) .elementor-divider-separator:after,.elementor-widget-divider--separator-type-pattern:not(.elementor-widget-divider--view-line) .elementor-divider-separator:before,.elementor-widget-divider--separator-type-pattern:not([class*=elementor-widget-divider--view]) .elementor-divider-separator{width:100%;min-height:var(--divider-pattern-height);-webkit-mask-size:var(--divider-pattern-size) 100%;mask-size:var(--divider-pattern-size) 100%;-webkit-mask-repeat:var(--divider-pattern-repeat);mask-repeat:var(--divider-pattern-repeat);background-color:var(--divider-color);-webkit-mask-image:var(--divider-pattern-url);mask-image:var(--divider-pattern-url)}.elementor-widget-divider--no-spacing{--divider-pattern-size:auto}.elementor-widget-divider--bg-round{--divider-pattern-repeat:round}.rtl .elementor-widget-divider .elementor-divider__text{direction:rtl}.e-con-inner>.elementor-widget-divider,.e-con>.elementor-widget-divider{width:var(--container-widget-width,100%);--flex-grow:var(--container-widget-flex-grow)}<\/style>\t\t<div class=\"elementor-divider\">\n\t\t\t<span class=\"elementor-divider-separator\">\n\t\t\t\t\t\t<\/span>\n\t\t<\/div>\n\t\t\t\t<\/div>\n\t\t\t\t<\/div>\n\t\t\t\t\t<\/div>\n\t\t<\/div>\n\t\t\t\t\t\t\t<\/div>\n\t\t<\/div>\n\t\t\t\t\t\t\t<\/div>\n\t\t","protected":false},"excerpt":{"rendered":"<p>O nas O firmie Twoja-Oczyszczalnia.pl to dynamicznie rozwijaj\u0105ca si\u0119 firma, kt\u00f3ra od 2019 roku zajmuje si\u0119 sprzeda\u017c\u0105, monta\u017cem oraz serwisem oczyszczalni \u015bciek\u00f3w. W naszej ofercie znajdziesz najlepsze rozwi\u0105zania dost\u0119pne na rynku, kt\u00f3re zosta\u0142y starannie wybrane przez naszych specjalist\u00f3w. Nasza wykwalifikowana ekipa nieustannie podnosi swoje umiej\u0119tno\u015bci i \u015bledzi najnowsze trendy w bran\u017cy, aby zapewni\u0107 naszym klientom [&hellip;]<\/p>\n","protected":false},"author":1,"featured_media":0,"parent":0,"menu_order":0,"comment_status":"closed","ping_status":"closed","template":"template-homepage.php","meta":{"inline_featured_image":false},"_links":{"self":[{"href":"http:\/\/twoja-oczyszczalnia.pl\/index.php\/wp-json\/wp\/v2\/pages\/32"}],"collection":[{"href":"http:\/\/twoja-oczyszczalnia.pl\/index.php\/wp-json\/wp\/v2\/pages"}],"about":[{"href":"http:\/\/twoja-oczyszczalnia.pl\/index.php\/wp-json\/wp\/v2\/types\/page"}],"author":[{"embeddable":true,"href":"http:\/\/twoja-oczyszczalnia.pl\/index.php\/wp-json\/wp\/v2\/users\/1"}],"replies":[{"embeddable":true,"href":"http:\/\/twoja-oczyszczalnia.pl\/index.php\/wp-json\/wp\/v2\/comments?post=32"}],"version-history":[{"count":16,"href":"http:\/\/twoja-oczyszczalnia.pl\/index.php\/wp-json\/wp\/v2\/pages\/32\/revisions"}],"predecessor-version":[{"id":15654,"href":"http:\/\/twoja-oczyszczalnia.pl\/index.php\/wp-json\/wp\/v2\/pages\/32\/revisions\/15654"}],"wp:attachment":[{"href":"http:\/\/twoja-oczyszczalnia.pl\/index.php\/wp-json\/wp\/v2\/media?parent=32"}],"curies":[{"name":"wp","href":"https:\/\/api.w.org\/{rel}","templated":true}]}}